{"id":18766,"date":"2026-03-27T12:27:59","date_gmt":"2026-03-27T11:27:59","guid":{"rendered":"https:\/\/www.preciosboom.com\/?post_type=product&#038;p=18766"},"modified":"2026-03-27T12:27:59","modified_gmt":"2026-03-27T11:27:59","slug":"bolsito-flor","status":"publish","type":"product","link":"https:\/\/www.preciosboom.com\/ca\/product\/bolsito-flor\/","title":{"rendered":"Bolsito flor"},"content":{"rendered":"<p>Este bolsito con detalle de flor combina estilo y practicidad, perfecto para ni\u00f1as que quieren llevar sus cosas con encanto. Disponible en varios colores; rosa, fucsia, verde, veix, amarillo y naranja, permite elegir el que m\u00e1s combine con su personalidad o atuendo. Ligero y f\u00e1cil de llevar, su tama\u00f1o es ideal para juguetes, accesorios o peque\u00f1os objetos personales, convirti\u00e9ndose en un complemento vers\u00e1til y divertido para el d\u00eda a d\u00eda.<\/p>","protected":false},"excerpt":{"rendered":"<p>Bolsito con dise\u00f1o de flor, disponible en varios colores: rosa, fucsia, verde, veix, amarillo y naranja.<\/p>\n<p style=\"text-align: center\"><em><strong>Le rogamos que especifique el color en el campo de observaciones durante el proceso de compra.<\/strong><\/em><\/p>","protected":false},"featured_media":18767,"comment_status":"closed","ping_status":"closed","template":"","meta":{"_joinchat":[]},"product_brand":[],"product_cat":[214],"product_tag":[],"class_list":{"0":"post-18766","1":"product","2":"type-product","3":"status-publish","4":"has-post-thumbnail","6":"product_cat-bolsos-multiusos","8":"first","9":"instock","10":"shipping-taxable","11":"purchasable","12":"product-type-simple"},"_links":{"self":[{"href":"https:\/\/www.preciosboom.com\/ca\/wp-json\/wp\/v2\/product\/18766"}],"collection":[{"href":"https:\/\/www.preciosboom.com\/ca\/wp-json\/wp\/v2\/product"}],"about":[{"href":"https:\/\/www.preciosboom.com\/ca\/wp-json\/wp\/v2\/types\/product"}],"replies":[{"embeddable":true,"href":"https:\/\/www.preciosboom.com\/ca\/wp-json\/wp\/v2\/comments?post=18766"}],"wp:featuredmedia":[{"embeddable":true,"href":"https:\/\/www.preciosboom.com\/ca\/wp-json\/wp\/v2\/media\/18767"}],"wp:attachment":[{"href":"https:\/\/www.preciosboom.com\/ca\/wp-json\/wp\/v2\/media?parent=18766"}],"wp:term":[{"taxonomy":"product_brand","embeddable":true,"href":"https:\/\/www.preciosboom.com\/ca\/wp-json\/wp\/v2\/product_brand?post=18766"},{"taxonomy":"product_cat","embeddable":true,"href":"https:\/\/www.preciosboom.com\/ca\/wp-json\/wp\/v2\/product_cat?post=18766"},{"taxonomy":"product_tag","embeddable":true,"href":"https:\/\/www.preciosboom.com\/ca\/wp-json\/wp\/v2\/product_tag?post=18766"}],"curies":[{"name":"wp","href":"https:\/\/api.w.org\/{rel}","templated":true}]}}