{"id":18751,"date":"2026-03-27T09:13:40","date_gmt":"2026-03-27T08:13:40","guid":{"rendered":"https:\/\/www.preciosboom.com\/?post_type=product&#038;p=18751"},"modified":"2026-03-27T09:20:35","modified_gmt":"2026-03-27T08:20:35","slug":"tanga-mariposa","status":"publish","type":"product","link":"https:\/\/www.preciosboom.com\/ca\/product\/tanga-mariposa\/","title":{"rendered":"Tanga mariposa"},"content":{"rendered":"<p>Tanga Mariposa disponible en seis colores: beige, azul, blanco, negro, rosa y verde. Confeccionado en materiales suaves y c\u00f3modos, se adapta perfectamente al cuerpo ofreciendo confort durante todo el d\u00eda. Su dise\u00f1o delicado y femenino aporta un toque de elegancia y estilo a tu ropa interior, ideal para el uso diario o para ocasiones especiales. Ligero, flexible y con acabado cuidado, combina comodidad y est\u00e9tica, convirti\u00e9ndose en una pieza imprescindible en tu colecci\u00f3n de lencer\u00eda.<\/p>","protected":false},"excerpt":{"rendered":"<p>Tanga Mariposa disponible en 6 colores: beige, azul, blanco, negro, rosa y verde; delicado y elegante.<\/p>\n<p style=\"text-align: center\"><em><strong>Le rogamos que especifique el color en el campo de observaciones durante el proceso de compra.<\/strong><\/em><\/p>","protected":false},"featured_media":18752,"comment_status":"closed","ping_status":"closed","template":"","meta":{"_joinchat":[]},"product_brand":[],"product_cat":[109,224],"product_tag":[],"class_list":{"0":"post-18751","1":"product","2":"type-product","3":"status-publish","4":"has-post-thumbnail","6":"product_cat-ropa_chanclas","7":"product_cat-ropa-interior","9":"first","10":"instock","11":"shipping-taxable","12":"purchasable","13":"product-type-simple"},"_links":{"self":[{"href":"https:\/\/www.preciosboom.com\/ca\/wp-json\/wp\/v2\/product\/18751"}],"collection":[{"href":"https:\/\/www.preciosboom.com\/ca\/wp-json\/wp\/v2\/product"}],"about":[{"href":"https:\/\/www.preciosboom.com\/ca\/wp-json\/wp\/v2\/types\/product"}],"replies":[{"embeddable":true,"href":"https:\/\/www.preciosboom.com\/ca\/wp-json\/wp\/v2\/comments?post=18751"}],"wp:featuredmedia":[{"embeddable":true,"href":"https:\/\/www.preciosboom.com\/ca\/wp-json\/wp\/v2\/media\/18752"}],"wp:attachment":[{"href":"https:\/\/www.preciosboom.com\/ca\/wp-json\/wp\/v2\/media?parent=18751"}],"wp:term":[{"taxonomy":"product_brand","embeddable":true,"href":"https:\/\/www.preciosboom.com\/ca\/wp-json\/wp\/v2\/product_brand?post=18751"},{"taxonomy":"product_cat","embeddable":true,"href":"https:\/\/www.preciosboom.com\/ca\/wp-json\/wp\/v2\/product_cat?post=18751"},{"taxonomy":"product_tag","embeddable":true,"href":"https:\/\/www.preciosboom.com\/ca\/wp-json\/wp\/v2\/product_tag?post=18751"}],"curies":[{"name":"wp","href":"https:\/\/api.w.org\/{rel}","templated":true}]}}