{"id":18737,"date":"2026-03-27T08:50:20","date_gmt":"2026-03-27T07:50:20","guid":{"rendered":"https:\/\/www.preciosboom.com\/?post_type=product&#038;p=18737"},"modified":"2026-03-27T08:56:23","modified_gmt":"2026-03-27T07:56:23","slug":"tapas-ajustables-taper-6-pcs","status":"publish","type":"product","link":"https:\/\/www.preciosboom.com\/ca\/product\/tapas-ajustables-taper-6-pcs\/","title":{"rendered":"Tapas ajustables taper 6 PCS"},"content":{"rendered":"<p>Pr\u00e1ctico set de 6 tapas ajustables para t\u00e1per, dise\u00f1adas para adaptarse a diferentes tama\u00f1os de recipientes. Fabricadas en material flexible y resistente, permiten un cierre herm\u00e9tico que ayuda a conservar los alimentos frescos por m\u00e1s tiempo. Son reutilizables, f\u00e1ciles de limpiar y una alternativa sostenible al film transparente o papel de aluminio. Perfectas para uso diario en la cocina, tanto para guardar comida en la nevera como para transportar alimentos de forma segura.<\/p>","protected":false},"excerpt":{"rendered":"<p data-start=\"45\" data-end=\"143\">Set de 6 tapas ajustables para t\u00e1per, reutilizables y flexibles, ideales para conservar alimentos.<\/p>\n<h3 data-section-id=\"5p164r\" data-start=\"145\" data-end=\"171\"><\/h3>","protected":false},"featured_media":18738,"comment_status":"closed","ping_status":"closed","template":"","meta":{"_joinchat":[]},"product_brand":[],"product_cat":[15],"product_tag":[],"class_list":{"0":"post-18737","1":"product","2":"type-product","3":"status-publish","4":"has-post-thumbnail","6":"product_cat-varios","8":"first","9":"instock","10":"shipping-taxable","11":"purchasable","12":"product-type-simple"},"_links":{"self":[{"href":"https:\/\/www.preciosboom.com\/ca\/wp-json\/wp\/v2\/product\/18737"}],"collection":[{"href":"https:\/\/www.preciosboom.com\/ca\/wp-json\/wp\/v2\/product"}],"about":[{"href":"https:\/\/www.preciosboom.com\/ca\/wp-json\/wp\/v2\/types\/product"}],"replies":[{"embeddable":true,"href":"https:\/\/www.preciosboom.com\/ca\/wp-json\/wp\/v2\/comments?post=18737"}],"wp:featuredmedia":[{"embeddable":true,"href":"https:\/\/www.preciosboom.com\/ca\/wp-json\/wp\/v2\/media\/18738"}],"wp:attachment":[{"href":"https:\/\/www.preciosboom.com\/ca\/wp-json\/wp\/v2\/media?parent=18737"}],"wp:term":[{"taxonomy":"product_brand","embeddable":true,"href":"https:\/\/www.preciosboom.com\/ca\/wp-json\/wp\/v2\/product_brand?post=18737"},{"taxonomy":"product_cat","embeddable":true,"href":"https:\/\/www.preciosboom.com\/ca\/wp-json\/wp\/v2\/product_cat?post=18737"},{"taxonomy":"product_tag","embeddable":true,"href":"https:\/\/www.preciosboom.com\/ca\/wp-json\/wp\/v2\/product_tag?post=18737"}],"curies":[{"name":"wp","href":"https:\/\/api.w.org\/{rel}","templated":true}]}}