{"id":18709,"date":"2026-03-26T14:15:56","date_gmt":"2026-03-26T13:15:56","guid":{"rendered":"https:\/\/www.preciosboom.com\/?post_type=product&#038;p=18709"},"modified":"2026-03-26T14:15:56","modified_gmt":"2026-03-26T13:15:56","slug":"pistola-de-3-tubos-de-60-cm","status":"publish","type":"product","link":"https:\/\/www.preciosboom.com\/ca\/product\/pistola-de-3-tubos-de-60-cm\/","title":{"rendered":"Pistola de 3 tubos de 60 cm"},"content":{"rendered":"<p>Pistola de 3 tubos de 60 cm, dise\u00f1ada para ofrecer precisi\u00f3n y facilidad de uso. fabricada con materiales resistentes y duraderos, permite un manejo c\u00f3modo y seguro durante su uso. ideal para actividades recreativas o pr\u00e1cticas que requieran control y versatilidad. Disponible en tres colores a elegir: verde, azul y amarillo.<span style=\"font-size: 1rem\">Es un producto confiable y funcional para diferentes necesidades.<\/span><\/p>","protected":false},"excerpt":{"rendered":"<p>Pistola de 3 tubos de 60 cm, resistente y f\u00e1cil de usar.<\/p>\n<p style=\"text-align: center\"><strong><em>Le rogamos que especifique el color en el campo de observaciones durante el proceso de compra<\/em><\/strong><\/p>","protected":false},"featured_media":18710,"comment_status":"closed","ping_status":"closed","template":"","meta":{"_joinchat":[]},"product_brand":[],"product_cat":[216,232,113],"product_tag":[],"class_list":{"0":"post-18709","1":"product","2":"type-product","3":"status-publish","4":"has-post-thumbnail","6":"product_cat-juegos-verano_playa","7":"product_cat-juguetes","8":"product_cat-verano_playa","10":"first","11":"instock","12":"shipping-taxable","13":"purchasable","14":"product-type-simple"},"_links":{"self":[{"href":"https:\/\/www.preciosboom.com\/ca\/wp-json\/wp\/v2\/product\/18709"}],"collection":[{"href":"https:\/\/www.preciosboom.com\/ca\/wp-json\/wp\/v2\/product"}],"about":[{"href":"https:\/\/www.preciosboom.com\/ca\/wp-json\/wp\/v2\/types\/product"}],"replies":[{"embeddable":true,"href":"https:\/\/www.preciosboom.com\/ca\/wp-json\/wp\/v2\/comments?post=18709"}],"wp:featuredmedia":[{"embeddable":true,"href":"https:\/\/www.preciosboom.com\/ca\/wp-json\/wp\/v2\/media\/18710"}],"wp:attachment":[{"href":"https:\/\/www.preciosboom.com\/ca\/wp-json\/wp\/v2\/media?parent=18709"}],"wp:term":[{"taxonomy":"product_brand","embeddable":true,"href":"https:\/\/www.preciosboom.com\/ca\/wp-json\/wp\/v2\/product_brand?post=18709"},{"taxonomy":"product_cat","embeddable":true,"href":"https:\/\/www.preciosboom.com\/ca\/wp-json\/wp\/v2\/product_cat?post=18709"},{"taxonomy":"product_tag","embeddable":true,"href":"https:\/\/www.preciosboom.com\/ca\/wp-json\/wp\/v2\/product_tag?post=18709"}],"curies":[{"name":"wp","href":"https:\/\/api.w.org\/{rel}","templated":true}]}}