{"id":18678,"date":"2026-03-25T15:36:05","date_gmt":"2026-03-25T14:36:05","guid":{"rendered":"https:\/\/www.preciosboom.com\/?post_type=product&#038;p=18678"},"modified":"2026-03-26T11:22:50","modified_gmt":"2026-03-26T10:22:50","slug":"chancla-super-rayas","status":"publish","type":"product","link":"https:\/\/www.preciosboom.com\/ca\/product\/chancla-super-rayas\/","title":{"rendered":"Chancla super rayas"},"content":{"rendered":"<p>Chanclas con dise\u00f1o de super rayas, c\u00f3modas y ligeras, ideales para el uso diario en verano. Su estilo moderno y colorido aporta un toque divertido a cualquier look, mientras que su suela pr\u00e1ctica proporciona comodidad en cada paso. Perfectas para la playa, la piscina o paseos en d\u00edas calurosos, se adaptan a tallas de la 36 a la 41, ofreciendo una opci\u00f3n vers\u00e1til y funcional. Disponibles en tres colores a elegir: rosa, negro y verde, para que elijas tu favorito.<\/p>","protected":false},"excerpt":{"rendered":"<p>Chanclas super rayas de la talla 36 a la 41, disponibles en rosa, negro y verde. C\u00f3modas y perfectas para verano.<\/p>\n<blockquote><p><strong style=\"font-style: italic;font-size: 1rem\" data-start=\"35\" data-end=\"162\" data-is-last-node=\"\">Le rogamos que especifique la talla y el color de las chanclas en el campo de observaciones durante el proceso de compra<\/strong><\/p><\/blockquote>\n<div class=\"flex flex-col text-sm pb-25\">\n<section class=\"text-token-text-primary w-full focus:outline-none [--shadow-height:45px] has-data-writing-block:pointer-events-none has-data-writing-block:-mt-(--shadow-height) has-data-writing-block:pt-(--shadow-height) [&amp;:has([data-writing-block])&gt;*]:pointer-events-auto scroll-mt-[calc(var(--header-height)+min(200px,max(70px,20svh)))]\" dir=\"auto\" data-turn-id=\"request-WEB:ffc78657-8ac6-40d7-a20e-849cc242e562-3\" data-testid=\"conversation-turn-8\" data-scroll-anchor=\"true\" data-turn=\"assistant\">\n<div class=\"text-base my-auto mx-auto pb-10 [--thread-content-margin:var(--thread-content-margin-xs,calc(var(--spacing)*4))] @w-sm\/main:[--thread-content-margin:var(--thread-content-margin-sm,calc(var(--spacing)*6))] @w-lg\/main:[--thread-content-margin:var(--thread-content-margin-lg,calc(var(--spacing)*16))] px-(--thread-content-margin)\">\n<div class=\"[--thread-content-max-width:40rem] @w-lg\/main:[--thread-content-max-width:48rem] mx-auto max-w-(--thread-content-max-width) flex-1 group\/turn-messages focus-visible:outline-hidden relative flex w-full min-w-0 flex-col agent-turn\">\n<div class=\"z-0 flex min-h-[46px] justify-start\"><\/div>\n<\/div>\n<\/div>\n<\/section>\n<\/div>\n<div class=\"pointer-events-none h-px w-px absolute bottom-0\" aria-hidden=\"true\" data-edge=\"true\"><\/div>","protected":false},"featured_media":18679,"comment_status":"closed","ping_status":"closed","template":"","meta":{"_joinchat":[]},"product_brand":[],"product_cat":[242,113,225],"product_tag":[],"class_list":{"0":"post-18678","1":"product","2":"type-product","3":"status-publish","4":"has-post-thumbnail","6":"product_cat-ropa-y-calzado","7":"product_cat-verano_playa","8":"product_cat-zapatos","10":"first","11":"instock","12":"shipping-taxable","13":"purchasable","14":"product-type-simple"},"_links":{"self":[{"href":"https:\/\/www.preciosboom.com\/ca\/wp-json\/wp\/v2\/product\/18678"}],"collection":[{"href":"https:\/\/www.preciosboom.com\/ca\/wp-json\/wp\/v2\/product"}],"about":[{"href":"https:\/\/www.preciosboom.com\/ca\/wp-json\/wp\/v2\/types\/product"}],"replies":[{"embeddable":true,"href":"https:\/\/www.preciosboom.com\/ca\/wp-json\/wp\/v2\/comments?post=18678"}],"wp:featuredmedia":[{"embeddable":true,"href":"https:\/\/www.preciosboom.com\/ca\/wp-json\/wp\/v2\/media\/18679"}],"wp:attachment":[{"href":"https:\/\/www.preciosboom.com\/ca\/wp-json\/wp\/v2\/media?parent=18678"}],"wp:term":[{"taxonomy":"product_brand","embeddable":true,"href":"https:\/\/www.preciosboom.com\/ca\/wp-json\/wp\/v2\/product_brand?post=18678"},{"taxonomy":"product_cat","embeddable":true,"href":"https:\/\/www.preciosboom.com\/ca\/wp-json\/wp\/v2\/product_cat?post=18678"},{"taxonomy":"product_tag","embeddable":true,"href":"https:\/\/www.preciosboom.com\/ca\/wp-json\/wp\/v2\/product_tag?post=18678"}],"curies":[{"name":"wp","href":"https:\/\/api.w.org\/{rel}","templated":true}]}}