{"id":18674,"date":"2026-03-25T15:31:37","date_gmt":"2026-03-25T14:31:37","guid":{"rendered":"https:\/\/www.preciosboom.com\/?post_type=product&#038;p=18674"},"modified":"2026-03-26T09:59:01","modified_gmt":"2026-03-26T08:59:01","slug":"bola-cuerda-mano-2","status":"publish","type":"product","link":"https:\/\/www.preciosboom.com\/ca\/product\/bola-cuerda-mano-2\/","title":{"rendered":"Bola cuerda mano"},"content":{"rendered":"<p>Bola con cuerda de mano, un juguete sencillo y entretenido ideal para mejorar la coordinaci\u00f3n y la destreza. Gracias a su cuerda integrada, se puede sujetar f\u00e1cilmente, permitiendo lanzarla y atraparla de forma c\u00f3moda y segura. Perfecta para jugar en interiores o exteriores, es una opci\u00f3n divertida para todas las edades que ayuda a desarrollar habilidades mientras se disfruta del juego. Disponible con bola en color a elegir: rosa, naranja, amarilla o verde, para que elijas tu favorita.<\/p>","protected":false},"excerpt":{"rendered":"<p>Bola con cuerda de mano, disponible en rosa, naranja, amarilla o verde. Divertida y perfecta para jugar y mejorar la coordinaci\u00f3n.<\/p>","protected":false},"featured_media":18675,"comment_status":"closed","ping_status":"closed","template":"","meta":{"_joinchat":[]},"product_brand":[],"product_cat":[15,232,113],"product_tag":[],"class_list":{"0":"post-18674","1":"product","2":"type-product","3":"status-publish","4":"has-post-thumbnail","6":"product_cat-varios","7":"product_cat-juguetes","8":"product_cat-verano_playa","10":"first","11":"instock","12":"shipping-taxable","13":"purchasable","14":"product-type-simple"},"_links":{"self":[{"href":"https:\/\/www.preciosboom.com\/ca\/wp-json\/wp\/v2\/product\/18674"}],"collection":[{"href":"https:\/\/www.preciosboom.com\/ca\/wp-json\/wp\/v2\/product"}],"about":[{"href":"https:\/\/www.preciosboom.com\/ca\/wp-json\/wp\/v2\/types\/product"}],"replies":[{"embeddable":true,"href":"https:\/\/www.preciosboom.com\/ca\/wp-json\/wp\/v2\/comments?post=18674"}],"wp:featuredmedia":[{"embeddable":true,"href":"https:\/\/www.preciosboom.com\/ca\/wp-json\/wp\/v2\/media\/18675"}],"wp:attachment":[{"href":"https:\/\/www.preciosboom.com\/ca\/wp-json\/wp\/v2\/media?parent=18674"}],"wp:term":[{"taxonomy":"product_brand","embeddable":true,"href":"https:\/\/www.preciosboom.com\/ca\/wp-json\/wp\/v2\/product_brand?post=18674"},{"taxonomy":"product_cat","embeddable":true,"href":"https:\/\/www.preciosboom.com\/ca\/wp-json\/wp\/v2\/product_cat?post=18674"},{"taxonomy":"product_tag","embeddable":true,"href":"https:\/\/www.preciosboom.com\/ca\/wp-json\/wp\/v2\/product_tag?post=18674"}],"curies":[{"name":"wp","href":"https:\/\/api.w.org\/{rel}","templated":true}]}}