{"id":18650,"date":"2026-03-25T15:14:21","date_gmt":"2026-03-25T14:14:21","guid":{"rendered":"https:\/\/www.preciosboom.com\/?post_type=product&#038;p=18650"},"modified":"2026-03-26T11:31:38","modified_gmt":"2026-03-26T10:31:38","slug":"chancla-mujer-36-a-41","status":"publish","type":"product","link":"https:\/\/www.preciosboom.com\/ca\/product\/chancla-mujer-36-a-41\/","title":{"rendered":"Chancla mujer 36 a 41"},"content":{"rendered":"<p data-start=\"0\" data-end=\"312\">Chancla para mujer disponible en tallas 36 a 41, con suela estilo mimbre que combina elegancia y comodidad. Su dise\u00f1o ligero y flexible permite una pisada suave y confortable, mientras que la parte superior se ajusta c\u00f3modamente al pie, evitando rozaduras y proporcionando estabilidad.<\/p>\n<p data-start=\"314\" data-end=\"612\">Perfecta para la playa, la piscina o el uso diario, su estilo natural y sofisticado hace que sea f\u00e1cil de combinar con diferentes looks veraniegos. Fabricada con materiales resistentes, ofrece durabilidad y confort, convirti\u00e9ndose en un calzado pr\u00e1ctico y moderno para cualquier ocasi\u00f3n informal.<\/p>","protected":false},"excerpt":{"rendered":"<p>Chancla para mujer tallas 36 a 41, con suela estilo mimbre, c\u00f3moda, ligera y perfecta para playa, piscina o uso diario.<\/p>\n<div class=\"flex flex-col text-sm pb-25\">\n<section class=\"text-token-text-primary w-full focus:outline-none [--shadow-height:45px] has-data-writing-block:pointer-events-none has-data-writing-block:-mt-(--shadow-height) has-data-writing-block:pt-(--shadow-height) [&amp;:has([data-writing-block])&gt;*]:pointer-events-auto scroll-mt-[calc(var(--header-height)+min(200px,max(70px,20svh)))]\" dir=\"auto\" data-turn-id=\"request-WEB:ffc78657-8ac6-40d7-a20e-849cc242e562-3\" data-testid=\"conversation-turn-8\" data-scroll-anchor=\"true\" data-turn=\"assistant\">\n<div class=\"text-base my-auto mx-auto pb-10 [--thread-content-margin:var(--thread-content-margin-xs,calc(var(--spacing)*4))] @w-sm\/main:[--thread-content-margin:var(--thread-content-margin-sm,calc(var(--spacing)*6))] @w-lg\/main:[--thread-content-margin:var(--thread-content-margin-lg,calc(var(--spacing)*16))] px-(--thread-content-margin)\">\n<div class=\"[--thread-content-max-width:40rem] @w-lg\/main:[--thread-content-max-width:48rem] mx-auto max-w-(--thread-content-max-width) flex-1 group\/turn-messages focus-visible:outline-hidden relative flex w-full min-w-0 flex-col agent-turn\">\n<div class=\"flex max-w-full flex-col gap-4 grow\">\n<div class=\"min-h-8 text-message relative flex w-full flex-col items-end gap-2 text-start break-words whitespace-normal outline-none keyboard-focused:focus-ring [.text-message+&amp;]:mt-1\" dir=\"auto\" data-message-author-role=\"assistant\" data-message-id=\"2d8a36c0-2901-4a5b-9127-8947e20e54df\" data-message-model-slug=\"gpt-5-3\" data-turn-start-message=\"true\">\n<div class=\"flex w-full flex-col gap-1 empty:hidden\">\n<div class=\"markdown prose dark:prose-invert w-full wrap-break-word light markdown-new-styling\">\n<blockquote>\n<p data-start=\"35\" data-end=\"162\" data-is-last-node=\"\" data-is-only-node=\"\"><strong data-start=\"35\" data-end=\"162\" data-is-last-node=\"\">Le rogamos que especifique la talla y el color de las chanclas en el campo de observaciones durante el proceso de compra.<\/strong><\/p>\n<\/blockquote>\n<\/div>\n<\/div>\n<\/div>\n<\/div>\n<div class=\"z-0 flex min-h-[46px] justify-start\"><\/div>\n<\/div>\n<\/div>\n<\/section>\n<\/div>\n<div class=\"pointer-events-none h-px w-px absolute bottom-0\" aria-hidden=\"true\" data-edge=\"true\"><\/div>","protected":false},"featured_media":18651,"comment_status":"closed","ping_status":"closed","template":"","meta":{"_joinchat":[]},"product_brand":[],"product_cat":[225],"product_tag":[],"class_list":{"0":"post-18650","1":"product","2":"type-product","3":"status-publish","4":"has-post-thumbnail","6":"product_cat-zapatos","8":"first","9":"instock","10":"shipping-taxable","11":"purchasable","12":"product-type-simple"},"_links":{"self":[{"href":"https:\/\/www.preciosboom.com\/ca\/wp-json\/wp\/v2\/product\/18650"}],"collection":[{"href":"https:\/\/www.preciosboom.com\/ca\/wp-json\/wp\/v2\/product"}],"about":[{"href":"https:\/\/www.preciosboom.com\/ca\/wp-json\/wp\/v2\/types\/product"}],"replies":[{"embeddable":true,"href":"https:\/\/www.preciosboom.com\/ca\/wp-json\/wp\/v2\/comments?post=18650"}],"wp:featuredmedia":[{"embeddable":true,"href":"https:\/\/www.preciosboom.com\/ca\/wp-json\/wp\/v2\/media\/18651"}],"wp:attachment":[{"href":"https:\/\/www.preciosboom.com\/ca\/wp-json\/wp\/v2\/media?parent=18650"}],"wp:term":[{"taxonomy":"product_brand","embeddable":true,"href":"https:\/\/www.preciosboom.com\/ca\/wp-json\/wp\/v2\/product_brand?post=18650"},{"taxonomy":"product_cat","embeddable":true,"href":"https:\/\/www.preciosboom.com\/ca\/wp-json\/wp\/v2\/product_cat?post=18650"},{"taxonomy":"product_tag","embeddable":true,"href":"https:\/\/www.preciosboom.com\/ca\/wp-json\/wp\/v2\/product_tag?post=18650"}],"curies":[{"name":"wp","href":"https:\/\/api.w.org\/{rel}","templated":true}]}}