{"id":18596,"date":"2026-03-25T14:31:16","date_gmt":"2026-03-25T13:31:16","guid":{"rendered":"https:\/\/www.preciosboom.com\/?post_type=product&#038;p=18596"},"modified":"2026-03-25T14:31:17","modified_gmt":"2026-03-25T13:31:17","slug":"manguitos-comics","status":"publish","type":"product","link":"https:\/\/www.preciosboom.com\/ca\/product\/manguitos-comics\/","title":{"rendered":"Manguitos c\u00f3mics"},"content":{"rendered":"<p data-start=\"0\" data-end=\"273\">Manguitos infantiles con dise\u00f1o tipo c\u00f3mic, de 25 x 15 cm, ideales para ayudar a los ni\u00f1os a iniciarse en el agua de forma segura y divertida. Fabricados con materiales resistentes, ofrecen una buena flotabilidad y un ajuste c\u00f3modo en los brazos.<\/p>\n<p data-start=\"275\" data-end=\"545\">Su dise\u00f1o colorido y llamativo estilo c\u00f3mic los hace especialmente atractivos para los m\u00e1s peque\u00f1os, fomentando la confianza y el disfrute en la piscina o la playa. Son f\u00e1ciles de inflar, desinflar y transportar, convirti\u00e9ndose en un accesorio pr\u00e1ctico para el verano.<\/p>","protected":false},"excerpt":{"rendered":"<p>Manguitos infantiles de 25 x 15 cm con dise\u00f1o c\u00f3mic, c\u00f3modos, resistentes y perfectos para piscina o playa.<\/p>","protected":false},"featured_media":18600,"comment_status":"closed","ping_status":"closed","template":"","meta":{"_joinchat":[]},"product_brand":[],"product_cat":[212,113],"product_tag":[],"class_list":{"0":"post-18596","1":"product","2":"type-product","3":"status-publish","4":"has-post-thumbnail","6":"product_cat-hinchable","7":"product_cat-verano_playa","9":"first","10":"instock","11":"shipping-taxable","12":"purchasable","13":"product-type-simple"},"_links":{"self":[{"href":"https:\/\/www.preciosboom.com\/ca\/wp-json\/wp\/v2\/product\/18596"}],"collection":[{"href":"https:\/\/www.preciosboom.com\/ca\/wp-json\/wp\/v2\/product"}],"about":[{"href":"https:\/\/www.preciosboom.com\/ca\/wp-json\/wp\/v2\/types\/product"}],"replies":[{"embeddable":true,"href":"https:\/\/www.preciosboom.com\/ca\/wp-json\/wp\/v2\/comments?post=18596"}],"wp:featuredmedia":[{"embeddable":true,"href":"https:\/\/www.preciosboom.com\/ca\/wp-json\/wp\/v2\/media\/18600"}],"wp:attachment":[{"href":"https:\/\/www.preciosboom.com\/ca\/wp-json\/wp\/v2\/media?parent=18596"}],"wp:term":[{"taxonomy":"product_brand","embeddable":true,"href":"https:\/\/www.preciosboom.com\/ca\/wp-json\/wp\/v2\/product_brand?post=18596"},{"taxonomy":"product_cat","embeddable":true,"href":"https:\/\/www.preciosboom.com\/ca\/wp-json\/wp\/v2\/product_cat?post=18596"},{"taxonomy":"product_tag","embeddable":true,"href":"https:\/\/www.preciosboom.com\/ca\/wp-json\/wp\/v2\/product_tag?post=18596"}],"curies":[{"name":"wp","href":"https:\/\/api.w.org\/{rel}","templated":true}]}}