{"id":18575,"date":"2026-03-25T14:14:58","date_gmt":"2026-03-25T13:14:58","guid":{"rendered":"https:\/\/www.preciosboom.com\/?post_type=product&#038;p=18575"},"modified":"2026-03-26T12:10:29","modified_gmt":"2026-03-26T11:10:29","slug":"chancla-pala-rayas-30-35","status":"publish","type":"product","link":"https:\/\/www.preciosboom.com\/ca\/product\/chancla-pala-rayas-30-35\/","title":{"rendered":"Chancla pala rayas 30-35"},"content":{"rendered":"<p data-start=\"0\" data-end=\"300\">Chancla tipo pala con dise\u00f1o de rayas, disponible en tallas 30 a 35, ideal para ni\u00f1os que buscan comodidad y estilo en su d\u00eda a d\u00eda. Su suela ligera y flexible proporciona una pisada c\u00f3moda, mientras que la banda superior asegura un buen ajuste al pie sin causar molestias.<\/p>\n<p data-start=\"302\" data-end=\"559\">Disponible en colores surtidos como azul, rosa y negro, su dise\u00f1o moderno y llamativo la hace perfecta para combinar con diferentes estilos. Es ideal para la playa, la piscina o el uso diario en casa, ofreciendo practicidad y confort en cualquier momento.<\/p>","protected":false},"excerpt":{"rendered":"<div class=\"relative basis-auto flex-col -mb-(--composer-overlap-px) pb-(--composer-overlap-px) [--composer-overlap-px:28px] grow flex\">\n<div class=\"flex flex-col text-sm\">\n<section class=\"text-token-text-primary w-full focus:outline-none [--shadow-height:45px] has-data-writing-block:pointer-events-none has-data-writing-block:-mt-(--shadow-height) has-data-writing-block:pt-(--shadow-height) [&amp;:has([data-writing-block])&gt;*]:pointer-events-auto scroll-mt-[calc(var(--header-height)+min(200px,max(70px,20svh)))]\" dir=\"auto\" data-turn-id=\"request-WEB:c75154b8-986d-407e-ae51-c30411f36bb1-20\" data-testid=\"conversation-turn-42\" data-scroll-anchor=\"true\" data-turn=\"assistant\">\n<div class=\"text-base my-auto mx-auto pb-10 [--thread-content-margin:var(--thread-content-margin-xs,calc(var(--spacing)*4))] @w-sm\/main:[--thread-content-margin:var(--thread-content-margin-sm,calc(var(--spacing)*6))] @w-lg\/main:[--thread-content-margin:var(--thread-content-margin-lg,calc(var(--spacing)*16))] px-(--thread-content-margin)\">\n<div class=\"[--thread-content-max-width:40rem] @w-lg\/main:[--thread-content-max-width:48rem] mx-auto max-w-(--thread-content-max-width) flex-1 group\/turn-messages focus-visible:outline-hidden relative flex w-full min-w-0 flex-col agent-turn\">\n<div class=\"flex max-w-full flex-col gap-4 grow\">\n<div class=\"min-h-8 text-message relative flex w-full flex-col items-end gap-2 text-start break-words whitespace-normal outline-none keyboard-focused:focus-ring [.text-message+&amp;]:mt-1\" dir=\"auto\" data-message-author-role=\"assistant\" data-message-id=\"ca33c8bb-edd1-4ba6-8057-421dabb541a1\" data-message-model-slug=\"gpt-5-3\" data-turn-start-message=\"true\">\n<div class=\"flex w-full flex-col gap-1 empty:hidden\">\n<div class=\"markdown prose dark:prose-invert w-full wrap-break-word light markdown-new-styling\">\n<p data-start=\"566\" data-end=\"682\" data-is-last-node=\"\" data-is-only-node=\"\">Chancla pala de rayas en tallas 30 a 35, c\u00f3moda y ligera, disponible en azul, rosa y negro.<\/p>\n<p data-start=\"566\" data-end=\"682\" data-is-last-node=\"\" data-is-only-node=\"\"><strong data-start=\"35\" data-end=\"162\" data-is-last-node=\"\">Le rogamos que especifique la talla y el color de las chanclas en el campo de observaciones durante el proceso de compra.<\/strong><\/p>\n<\/div>\n<\/div>\n<\/div>\n<\/div>\n<\/div>\n<\/div>\n<\/section>\n<\/div>\n<\/div>\n<div id=\"thread-bottom-container\" class=\"sticky bottom-0 z-10 group\/thread-bottom-container relative isolate w-full basis-auto has-data-has-thread-error:pt-2 has-data-has-thread-error:[box-shadow:var(--sharp-edge-bottom-shadow)] md:border-transparent md:pt-0 dark:border-white\/20 md:dark:border-transparent print:hidden content-fade single-line flex flex-col\">\n<div id=\"thread-bottom\">\n<div>\n<div class=\"text-base mx-auto [--thread-content-margin:var(--thread-content-margin-xs,calc(var(--spacing)*4))] @w-sm\/main:[--thread-content-margin:var(--thread-content-margin-sm,calc(var(--spacing)*6))] @w-lg\/main:[--thread-content-margin:var(--thread-content-margin-lg,calc(var(--spacing)*16))] px-(--thread-content-margin)\">\n<div class=\"[--thread-content-max-width:40rem] @w-lg\/main:[--thread-content-max-width:48rem] mx-auto max-w-(--thread-content-max-width) flex-1 mb-[var(--thread-component-gap,1rem)]\">\n<div class=\"flex justify-center empty:hidden\"><\/div>\n<div class=\"pointer-events-auto relative z-1 flex h-(--composer-container-height,100%) max-w-full flex-(--composer-container-flex,1) flex-col\">\n<div class=\"absolute start-0 end-0 bottom-full z-20\">\n<div class=\"relative h-full w-full\">\n<div class=\"mb-2 flex flex-col gap-3.5 pt-2\">\n<aside class=\"flex w-full items-start gap-4 rounded-3xl border py-4 ps-5 pe-3 text-sm [text-wrap:pretty] lg:mx-auto dark:border-transparent shadow-xxs md:items-center border-token-border-default bg-token-main-surface-primary text-token-text-primary dark:bg-token-main-surface-secondary\">\n<div class=\"flex h-full w-full gap-3 md:items-center\">\n<div class=\"flex grow flex-col md:flex-row md:items-center md:justify-between md:gap-8\">\n<div class=\"flex flex-col\">\n<div class=\"\"><\/div>\n<\/div>\n<\/div>\n<\/div>\n<\/aside>\n<\/div>\n<\/div>\n<\/div>\n<\/div>\n<\/div>\n<\/div>\n<\/div>\n<\/div>\n<\/div>","protected":false},"featured_media":18578,"comment_status":"closed","ping_status":"closed","template":"","meta":{"_joinchat":[]},"product_brand":[],"product_cat":[113,225],"product_tag":[],"class_list":{"0":"post-18575","1":"product","2":"type-product","3":"status-publish","4":"has-post-thumbnail","6":"product_cat-verano_playa","7":"product_cat-zapatos","9":"first","10":"instock","11":"shipping-taxable","12":"purchasable","13":"product-type-simple"},"_links":{"self":[{"href":"https:\/\/www.preciosboom.com\/ca\/wp-json\/wp\/v2\/product\/18575"}],"collection":[{"href":"https:\/\/www.preciosboom.com\/ca\/wp-json\/wp\/v2\/product"}],"about":[{"href":"https:\/\/www.preciosboom.com\/ca\/wp-json\/wp\/v2\/types\/product"}],"replies":[{"embeddable":true,"href":"https:\/\/www.preciosboom.com\/ca\/wp-json\/wp\/v2\/comments?post=18575"}],"wp:featuredmedia":[{"embeddable":true,"href":"https:\/\/www.preciosboom.com\/ca\/wp-json\/wp\/v2\/media\/18578"}],"wp:attachment":[{"href":"https:\/\/www.preciosboom.com\/ca\/wp-json\/wp\/v2\/media?parent=18575"}],"wp:term":[{"taxonomy":"product_brand","embeddable":true,"href":"https:\/\/www.preciosboom.com\/ca\/wp-json\/wp\/v2\/product_brand?post=18575"},{"taxonomy":"product_cat","embeddable":true,"href":"https:\/\/www.preciosboom.com\/ca\/wp-json\/wp\/v2\/product_cat?post=18575"},{"taxonomy":"product_tag","embeddable":true,"href":"https:\/\/www.preciosboom.com\/ca\/wp-json\/wp\/v2\/product_tag?post=18575"}],"curies":[{"name":"wp","href":"https:\/\/api.w.org\/{rel}","templated":true}]}}