{"id":18560,"date":"2026-03-25T12:47:50","date_gmt":"2026-03-25T11:47:50","guid":{"rendered":"https:\/\/www.preciosboom.com\/?post_type=product&#038;p=18560"},"modified":"2026-03-25T12:47:50","modified_gmt":"2026-03-25T11:47:50","slug":"pistola-2-canones-49x14cm","status":"publish","type":"product","link":"https:\/\/www.preciosboom.com\/ca\/product\/pistola-2-canones-49x14cm\/","title":{"rendered":"Pistola 2 ca\u00f1ones 49x14cm"},"content":{"rendered":"<p>Pistola de agua de doble ca\u00f1\u00f3n, de 49 x 14 cm, dise\u00f1ada para ofrecer diversi\u00f3n sin l\u00edmites en juegos al aire libre. Fabricada en PVC resistente, cuenta con ca\u00f1ones superpuestos que permiten disparar chorros de agua de manera potente y divertida, ideal para juegos en la piscina, el jard\u00edn o la playa.<\/p>\n<p>Disponible en colores surtidos, su dise\u00f1o llamativo atrae la atenci\u00f3n de los ni\u00f1os y ni\u00f1as, mientras que su tama\u00f1o compacto facilita el manejo durante el juego. Adem\u00e1s, viene en una pr\u00e1ctica bolsa para colgar, lo que permite transportarla y guardarla f\u00e1cilmente despu\u00e9s de cada uso.<\/p>\n<p>Perfecta para d\u00edas calurosos, esta pistola de agua combina resistencia, comodidad y entretenimiento, garantizando horas de diversi\u00f3n activa y refrescante para toda la familia.<\/p>","protected":false},"excerpt":{"rendered":"<section class=\"text-token-text-primary w-full focus:outline-none [--shadow-height:45px] has-data-writing-block:pointer-events-none has-data-writing-block:-mt-(--shadow-height) has-data-writing-block:pt-(--shadow-height) [&amp;:has([data-writing-block])&gt;*]:pointer-events-auto scroll-mt-(--header-height)\" dir=\"auto\" data-turn-id=\"17ba7f27-7c45-441a-9d4e-cd49c3cc37ef\" data-testid=\"conversation-turn-21\" data-scroll-anchor=\"false\" data-turn=\"user\"><\/section>\n<section class=\"text-token-text-primary w-full focus:outline-none [--shadow-height:45px] has-data-writing-block:pointer-events-none has-data-writing-block:-mt-(--shadow-height) has-data-writing-block:pt-(--shadow-height) [&amp;:has([data-writing-block])&gt;*]:pointer-events-auto scroll-mt-[calc(var(--header-height)+min(200px,max(70px,20svh)))]\" dir=\"auto\" data-turn-id=\"request-WEB:c75154b8-986d-407e-ae51-c30411f36bb1-10\" data-testid=\"conversation-turn-22\" data-scroll-anchor=\"true\" data-turn=\"assistant\">\n<div class=\"text-base my-auto mx-auto pb-10 [--thread-content-margin:var(--thread-content-margin-xs,calc(var(--spacing)*4))] @w-sm\/main:[--thread-content-margin:var(--thread-content-margin-sm,calc(var(--spacing)*6))] @w-lg\/main:[--thread-content-margin:var(--thread-content-margin-lg,calc(var(--spacing)*16))] px-(--thread-content-margin)\">\n<div class=\"[--thread-content-max-width:40rem] @w-lg\/main:[--thread-content-max-width:48rem] mx-auto max-w-(--thread-content-max-width) flex-1 group\/turn-messages focus-visible:outline-hidden relative flex w-full min-w-0 flex-col agent-turn\">\n<div class=\"flex max-w-full flex-col gap-4 grow\">\n<div class=\"min-h-8 text-message relative flex w-full flex-col items-end gap-2 text-start break-words whitespace-normal outline-none keyboard-focused:focus-ring [.text-message+&amp;]:mt-1\" dir=\"auto\" data-message-author-role=\"assistant\" data-message-id=\"2a5f8c99-2274-4276-946d-7119290db5d3\" data-message-model-slug=\"gpt-5-mini\" data-turn-start-message=\"true\">\n<div class=\"flex w-full flex-col gap-1 empty:hidden\">\n<div class=\"markdown prose dark:prose-invert w-full wrap-break-word light markdown-new-styling\">\n<p data-start=\"0\" data-end=\"173\" data-is-last-node=\"\" data-is-only-node=\"\">Pistola de agua de doble ca\u00f1\u00f3n de 49 x 14 cm, en PVC resistente y colores surtidos, perfecta para juegos al aire libre y f\u00e1cil de transportar gracias a su bolsa para colgar.<\/p>\n<\/div>\n<\/div>\n<\/div>\n<\/div>\n<\/div>\n<\/div>\n<\/section>","protected":false},"featured_media":18561,"comment_status":"closed","ping_status":"closed","template":"","meta":{"_joinchat":[]},"product_brand":[],"product_cat":[216],"product_tag":[],"class_list":{"0":"post-18560","1":"product","2":"type-product","3":"status-publish","4":"has-post-thumbnail","6":"product_cat-juegos-verano_playa","8":"first","9":"instock","10":"shipping-taxable","11":"purchasable","12":"product-type-simple"},"_links":{"self":[{"href":"https:\/\/www.preciosboom.com\/ca\/wp-json\/wp\/v2\/product\/18560"}],"collection":[{"href":"https:\/\/www.preciosboom.com\/ca\/wp-json\/wp\/v2\/product"}],"about":[{"href":"https:\/\/www.preciosboom.com\/ca\/wp-json\/wp\/v2\/types\/product"}],"replies":[{"embeddable":true,"href":"https:\/\/www.preciosboom.com\/ca\/wp-json\/wp\/v2\/comments?post=18560"}],"wp:featuredmedia":[{"embeddable":true,"href":"https:\/\/www.preciosboom.com\/ca\/wp-json\/wp\/v2\/media\/18561"}],"wp:attachment":[{"href":"https:\/\/www.preciosboom.com\/ca\/wp-json\/wp\/v2\/media?parent=18560"}],"wp:term":[{"taxonomy":"product_brand","embeddable":true,"href":"https:\/\/www.preciosboom.com\/ca\/wp-json\/wp\/v2\/product_brand?post=18560"},{"taxonomy":"product_cat","embeddable":true,"href":"https:\/\/www.preciosboom.com\/ca\/wp-json\/wp\/v2\/product_cat?post=18560"},{"taxonomy":"product_tag","embeddable":true,"href":"https:\/\/www.preciosboom.com\/ca\/wp-json\/wp\/v2\/product_tag?post=18560"}],"curies":[{"name":"wp","href":"https:\/\/api.w.org\/{rel}","templated":true}]}}