{"id":18558,"date":"2026-03-25T12:43:00","date_gmt":"2026-03-25T11:43:00","guid":{"rendered":"https:\/\/www.preciosboom.com\/?post_type=product&#038;p=18558"},"modified":"2026-03-25T12:43:01","modified_gmt":"2026-03-25T11:43:01","slug":"poncho-raton-surf","status":"publish","type":"product","link":"https:\/\/www.preciosboom.com\/ca\/product\/poncho-raton-surf\/","title":{"rendered":"Poncho rat\u00f3n surf"},"content":{"rendered":"<p>Toalla poncho de ni\u00f1o con dise\u00f1o divertido de un rat\u00f3n disfrutando del surf. Fabricada en material suave y absorbente, es perfecta para secarse r\u00e1pidamente despu\u00e9s del ba\u00f1o o la piscina.<\/p>\n<p>Su forma tipo poncho facilita que los peque\u00f1os se la puedan poner y quitar con facilidad, ofreciendo comodidad y libertad de movimiento. Ideal para la playa, la piscina o para usar en casa tras el ba\u00f1o.<\/p>","protected":false},"excerpt":{"rendered":"<p>Toalla poncho de ni\u00f1o con dise\u00f1o de un rat\u00f3n, suave, absorbente y f\u00e1cil de poner, ideal para la playa, la piscina o despu\u00e9s del ba\u00f1o.<\/p>","protected":false},"featured_media":18559,"comment_status":"closed","ping_status":"closed","template":"","meta":{"_joinchat":[]},"product_brand":[],"product_cat":[217,218],"product_tag":[],"class_list":{"0":"post-18558","1":"product","2":"type-product","3":"status-publish","4":"has-post-thumbnail","6":"product_cat-ponchos","7":"product_cat-toallas","9":"first","10":"instock","11":"shipping-taxable","12":"purchasable","13":"product-type-simple"},"_links":{"self":[{"href":"https:\/\/www.preciosboom.com\/ca\/wp-json\/wp\/v2\/product\/18558"}],"collection":[{"href":"https:\/\/www.preciosboom.com\/ca\/wp-json\/wp\/v2\/product"}],"about":[{"href":"https:\/\/www.preciosboom.com\/ca\/wp-json\/wp\/v2\/types\/product"}],"replies":[{"embeddable":true,"href":"https:\/\/www.preciosboom.com\/ca\/wp-json\/wp\/v2\/comments?post=18558"}],"wp:featuredmedia":[{"embeddable":true,"href":"https:\/\/www.preciosboom.com\/ca\/wp-json\/wp\/v2\/media\/18559"}],"wp:attachment":[{"href":"https:\/\/www.preciosboom.com\/ca\/wp-json\/wp\/v2\/media?parent=18558"}],"wp:term":[{"taxonomy":"product_brand","embeddable":true,"href":"https:\/\/www.preciosboom.com\/ca\/wp-json\/wp\/v2\/product_brand?post=18558"},{"taxonomy":"product_cat","embeddable":true,"href":"https:\/\/www.preciosboom.com\/ca\/wp-json\/wp\/v2\/product_cat?post=18558"},{"taxonomy":"product_tag","embeddable":true,"href":"https:\/\/www.preciosboom.com\/ca\/wp-json\/wp\/v2\/product_tag?post=18558"}],"curies":[{"name":"wp","href":"https:\/\/api.w.org\/{rel}","templated":true}]}}