{"id":18553,"date":"2026-03-25T12:30:47","date_gmt":"2026-03-25T11:30:47","guid":{"rendered":"https:\/\/www.preciosboom.com\/?post_type=product&#038;p=18553"},"modified":"2026-03-26T12:12:10","modified_gmt":"2026-03-26T11:12:10","slug":"goma-de-borrar","status":"publish","type":"product","link":"https:\/\/www.preciosboom.com\/ca\/product\/goma-de-borrar\/","title":{"rendered":"Goma de borrar"},"content":{"rendered":"<p data-start=\"0\" data-end=\"223\"><strong>Goma de borrar<\/strong><\/p>\n<p data-start=\"0\" data-end=\"223\">ER39 Soft Eraser Astar Hi-Polymer presentada en pr\u00e1ctico formato individual. Fabricada con material hi-polymer de alta calidad, ofrece un borrado suave, limpio y preciso, ideal para todo tipo de trabajos.<\/p>\n<p data-start=\"225\" data-end=\"452\">Su composici\u00f3n permite eliminar trazos de l\u00e1piz de grafito sobre diferentes tipos de papel sin da\u00f1arlos ni dejar manchas. Gracias a su textura blanda, facilita un control c\u00f3modo durante el uso y reduce la formaci\u00f3n de residuos.<\/p>\n<p data-start=\"454\" data-end=\"596\" data-is-last-node=\"\" data-is-only-node=\"\">Una opci\u00f3n vers\u00e1til y eficiente tanto para uso escolar como profesional, perfecta para quienes buscan un borrado eficaz con un acabado limpio.<\/p>","protected":false},"excerpt":{"rendered":"<p>Goma de borrar<\/p>","protected":false},"featured_media":11881,"comment_status":"closed","ping_status":"closed","template":"","meta":{"_joinchat":[]},"product_brand":[],"product_cat":[112],"product_tag":[],"class_list":{"0":"post-18553","1":"product","2":"type-product","3":"status-publish","4":"has-post-thumbnail","6":"product_cat-papeleria","8":"first","9":"instock","10":"shipping-taxable","11":"purchasable","12":"product-type-simple"},"_links":{"self":[{"href":"https:\/\/www.preciosboom.com\/ca\/wp-json\/wp\/v2\/product\/18553"}],"collection":[{"href":"https:\/\/www.preciosboom.com\/ca\/wp-json\/wp\/v2\/product"}],"about":[{"href":"https:\/\/www.preciosboom.com\/ca\/wp-json\/wp\/v2\/types\/product"}],"replies":[{"embeddable":true,"href":"https:\/\/www.preciosboom.com\/ca\/wp-json\/wp\/v2\/comments?post=18553"}],"wp:featuredmedia":[{"embeddable":true,"href":"https:\/\/www.preciosboom.com\/ca\/wp-json\/wp\/v2\/media\/11881"}],"wp:attachment":[{"href":"https:\/\/www.preciosboom.com\/ca\/wp-json\/wp\/v2\/media?parent=18553"}],"wp:term":[{"taxonomy":"product_brand","embeddable":true,"href":"https:\/\/www.preciosboom.com\/ca\/wp-json\/wp\/v2\/product_brand?post=18553"},{"taxonomy":"product_cat","embeddable":true,"href":"https:\/\/www.preciosboom.com\/ca\/wp-json\/wp\/v2\/product_cat?post=18553"},{"taxonomy":"product_tag","embeddable":true,"href":"https:\/\/www.preciosboom.com\/ca\/wp-json\/wp\/v2\/product_tag?post=18553"}],"curies":[{"name":"wp","href":"https:\/\/api.w.org\/{rel}","templated":true}]}}