{"id":18537,"date":"2025-10-28T22:32:10","date_gmt":"2025-10-28T21:32:10","guid":{"rendered":"https:\/\/www.preciosboom.com\/?post_type=product&#038;p=18537"},"modified":"2025-10-28T22:32:10","modified_gmt":"2025-10-28T21:32:10","slug":"1-fouta-toalla-de-playa-pareo-rayas-verdes","status":"publish","type":"product","link":"https:\/\/www.preciosboom.com\/ca\/product\/1-fouta-toalla-de-playa-pareo-rayas-verdes\/","title":{"rendered":"1 Fouta toalla de playa pareo rayas verdes"},"content":{"rendered":"<h1><strong>1 Fouta toalla de playa pareo rayas verdes<\/strong><\/h1>\n<p>Ideal para el verano, playa, piscina, actividades al aire libre.<\/p>\n<p>F\u00e1cil de llevar y plegar, ocupa muy poco sitio.<\/p>\n<p>Medidas aproximadas 100&#215;180 cent\u00edmetros, peso 250 gramos, composici\u00f3n 80% algod\u00f3n y 20% poli\u00e9ster.<\/p>\n<p>Tejido a mano y suave.<\/p>\n<p>Liviana toalla ideal para las vacaciones, la sauna, la playa, la acampada, etc. No ocupa casi espacio y seca con rapidez.<\/p>\n<p>Ideal para el equipaje de mano, bolso, bolsa de playa, mochila, etc.<\/p>\n<p>Vers\u00e1til: perfecto para tumbonas de playa, piscina, fitness, hammam, sauna, gimnasio, yoga, deportes, viajes, camping y picnic<\/p>\n<p>Esta toalla es m\u00e1s fina que una toalla de playa de algod\u00f3n normal lo que la hace m\u00e1s pr\u00e1ctica, al pesar menos y ocupar poco sitio.<\/p>","protected":false},"excerpt":{"rendered":"<h1><strong>1 Fouta toalla de playa pareo rayas verdes<\/strong><\/h1>","protected":false},"featured_media":14664,"comment_status":"closed","ping_status":"closed","template":"","meta":{"_joinchat":[]},"product_brand":[],"product_cat":[219,218,113],"product_tag":[],"class_list":{"0":"post-18537","1":"product","2":"type-product","3":"status-publish","4":"has-post-thumbnail","6":"product_cat-foutas","7":"product_cat-toallas","8":"product_cat-verano_playa","10":"first","11":"instock","12":"shipping-taxable","13":"purchasable","14":"product-type-simple"},"_links":{"self":[{"href":"https:\/\/www.preciosboom.com\/ca\/wp-json\/wp\/v2\/product\/18537"}],"collection":[{"href":"https:\/\/www.preciosboom.com\/ca\/wp-json\/wp\/v2\/product"}],"about":[{"href":"https:\/\/www.preciosboom.com\/ca\/wp-json\/wp\/v2\/types\/product"}],"replies":[{"embeddable":true,"href":"https:\/\/www.preciosboom.com\/ca\/wp-json\/wp\/v2\/comments?post=18537"}],"wp:featuredmedia":[{"embeddable":true,"href":"https:\/\/www.preciosboom.com\/ca\/wp-json\/wp\/v2\/media\/14664"}],"wp:attachment":[{"href":"https:\/\/www.preciosboom.com\/ca\/wp-json\/wp\/v2\/media?parent=18537"}],"wp:term":[{"taxonomy":"product_brand","embeddable":true,"href":"https:\/\/www.preciosboom.com\/ca\/wp-json\/wp\/v2\/product_brand?post=18537"},{"taxonomy":"product_cat","embeddable":true,"href":"https:\/\/www.preciosboom.com\/ca\/wp-json\/wp\/v2\/product_cat?post=18537"},{"taxonomy":"product_tag","embeddable":true,"href":"https:\/\/www.preciosboom.com\/ca\/wp-json\/wp\/v2\/product_tag?post=18537"}],"curies":[{"name":"wp","href":"https:\/\/api.w.org\/{rel}","templated":true}]}}