{"id":18515,"date":"2025-09-30T14:59:16","date_gmt":"2025-09-30T13:59:16","guid":{"rendered":"https:\/\/www.preciosboom.com\/?post_type=product&#038;p=18515"},"modified":"2025-10-27T06:43:38","modified_gmt":"2025-10-27T05:43:38","slug":"balon-voley-fluor-22-cm","status":"publish","type":"product","link":"https:\/\/www.preciosboom.com\/ca\/product\/balon-voley-fluor-22-cm\/","title":{"rendered":"Bal\u00f3n Voley Fluor 22 cm"},"content":{"rendered":"<p>Bal\u00f3n V\u00f3ley Fl\u00faor.<\/p>\n<p>Nuestra pelota de voleibol multicolor cuenta con un di\u00e1metro de 22 cm. Fabricada con materiales de alta calidad, viene con una red para su transporte. Ideal para jugar cualquier partido, su alegre dise\u00f1o con diferentes colores le dan un aspecto intenso y \u00fanico que la hace destacar en diferentes entornos, as\u00ed que es perfecta para poder llevarla a la playa o al parque<\/p>\n<p>Fabricada con materiales de alta calidad, ofrece una buena sujeci\u00f3n. Gracias a su tama\u00f1o y peso es f\u00e1cil de transportar y cuenta con una red para que puedas llevarla contigo a cualquier parte.<\/p>\n<ul style=\"list-style-type: circle\">\n<li><strong style=\"font-size: 1rem\" data-start=\"521\" data-end=\"532\">Tama\u00f1o:<\/strong><span style=\"font-size: 1rem\"> 22 cm de di\u00e1metro (aproximadamente)<\/span><\/li>\n<li><strong data-start=\"579\" data-end=\"591\">Colores:<\/strong> Combinaci\u00f3n multicolor (puede incluir tonos como azul, rosa, amarillo, verde, entre otros)<\/li>\n<li><strong data-start=\"685\" data-end=\"698\">Material:<\/strong> PVC resistente.<\/li>\n<li><strong data-start=\"759\" data-end=\"779\">Uso recomendado:<\/strong> Recreativo, escolar, playa, entrenamientos ligeros<\/li>\n<li><strong data-start=\"833\" data-end=\"853\">Caracter\u00edsticas:<\/strong> Ligera, suave al tacto y f\u00e1cil de controlar, ideal para jugadores de todas las edades. Lleva red de transporte.<\/li>\n<\/ul>\n<p data-start=\"833\" data-end=\"939\"><span style=\"font-size: 1rem\">Perfecta para quienes buscan una pelota colorida y divertida sin dejar de lado la calidad y el rendimiento.<\/span><\/p>\n<p data-start=\"833\" data-end=\"939\">** Vienen desinfladas**<\/p>","protected":false},"excerpt":{"rendered":"<p>Bal\u00f3n Voley Fluor.<\/p>\n<p>Nuestra pelota de voleibol multicolor cuenta con un di\u00e1metro de 22 cm. Fabricada con materiales de alta calidad, viene con una red para su transporte. Ideal para jugar cualquier partido, su alegre dise\u00f1o con diferentes colores le dan un aspecto intenso y \u00fanico que la hace destacar en diferentes entornos, as\u00ed que es perfecta para poder llevarla a la playa o al parque<\/p>\n<p>Fabricada con materiales de alta calidad, ofrece una buena sujeci\u00f3n. Gracias a su tama\u00f1o y peso es f\u00e1cil de transportar y cuenta con una red para que puedas llevarla contigo a cualquier parte.<\/p>\n<ul style=\"list-style-type: circle\">\n<li><strong style=\"font-size: 1rem\" data-start=\"521\" data-end=\"532\">Tama\u00f1o:<\/strong><span style=\"font-size: 1rem\"> 22 cm de di\u00e1metro (aproximadamente)<\/span><\/li>\n<li><strong data-start=\"579\" data-end=\"591\">Colores:<\/strong> Combinaci\u00f3n multicolor (puede incluir tonos como azul, rosa, amarillo, verde, entre otros)<\/li>\n<li><strong data-start=\"685\" data-end=\"698\">Material:<\/strong> PVC resistente.<\/li>\n<li><strong data-start=\"759\" data-end=\"779\">Uso recomendado:<\/strong> Recreativo, escolar, playa, entrenamientos ligeros<\/li>\n<li><strong data-start=\"833\" data-end=\"853\">Caracter\u00edsticas:<\/strong> Ligera, suave al tacto y f\u00e1cil de controlar, ideal para jugadores de todas las edades. Lleva red de transporte.<\/li>\n<\/ul>\n<p data-start=\"833\" data-end=\"939\"><span style=\"font-size: 1rem\">Perfecta para quienes buscan una pelota colorida y divertida sin dejar de lado la calidad y el rendimiento.<\/span><\/p>","protected":false},"featured_media":18516,"comment_status":"closed","ping_status":"closed","template":"","meta":{"_joinchat":[]},"product_brand":[],"product_cat":[213,113],"product_tag":[],"class_list":{"0":"post-18515","1":"product","2":"type-product","3":"status-publish","4":"has-post-thumbnail","6":"product_cat-balones_playa","7":"product_cat-verano_playa","9":"first","10":"instock","11":"shipping-taxable","12":"purchasable","13":"product-type-simple"},"_links":{"self":[{"href":"https:\/\/www.preciosboom.com\/ca\/wp-json\/wp\/v2\/product\/18515"}],"collection":[{"href":"https:\/\/www.preciosboom.com\/ca\/wp-json\/wp\/v2\/product"}],"about":[{"href":"https:\/\/www.preciosboom.com\/ca\/wp-json\/wp\/v2\/types\/product"}],"replies":[{"embeddable":true,"href":"https:\/\/www.preciosboom.com\/ca\/wp-json\/wp\/v2\/comments?post=18515"}],"wp:featuredmedia":[{"embeddable":true,"href":"https:\/\/www.preciosboom.com\/ca\/wp-json\/wp\/v2\/media\/18516"}],"wp:attachment":[{"href":"https:\/\/www.preciosboom.com\/ca\/wp-json\/wp\/v2\/media?parent=18515"}],"wp:term":[{"taxonomy":"product_brand","embeddable":true,"href":"https:\/\/www.preciosboom.com\/ca\/wp-json\/wp\/v2\/product_brand?post=18515"},{"taxonomy":"product_cat","embeddable":true,"href":"https:\/\/www.preciosboom.com\/ca\/wp-json\/wp\/v2\/product_cat?post=18515"},{"taxonomy":"product_tag","embeddable":true,"href":"https:\/\/www.preciosboom.com\/ca\/wp-json\/wp\/v2\/product_tag?post=18515"}],"curies":[{"name":"wp","href":"https:\/\/api.w.org\/{rel}","templated":true}]}}