{"id":18499,"date":"2025-09-16T07:37:00","date_gmt":"2025-09-16T06:37:00","guid":{"rendered":"https:\/\/www.preciosboom.com\/?post_type=product&#038;p=18499"},"modified":"2026-04-08T22:38:53","modified_gmt":"2026-04-08T21:38:53","slug":"cable-universal-carga-4-en-1","status":"publish","type":"product","link":"https:\/\/www.preciosboom.com\/ca\/product\/cable-universal-carga-4-en-1\/","title":{"rendered":"Cable universal carga 4 EN 1"},"content":{"rendered":"<p data-start=\"98\" data-end=\"450\">Pr\u00e1ctico, vers\u00e1til y compacto, este cable es la soluci\u00f3n ideal para cargar varios dispositivos con un solo accesorio. Cuenta con <strong data-start=\"265\" data-end=\"292\">4 conectores diferentes<\/strong> (USB, USB-C, Micro USB y Lightning) que permiten alimentar y sincronizar la mayor\u00eda de smartphones, tablets, auriculares y otros dispositivos electr\u00f3nicos.<\/p>\n<p data-start=\"452\" data-end=\"654\">Dise\u00f1ado con materiales resistentes y un acabado anti-enredos, es perfecto para llevar en el bolso, mochila o coche y olvidarte de cargar con m\u00faltiples cables. Ideal para viajes, oficina o uso diario.<\/p>\n<p data-start=\"656\" data-end=\"773\">\u2705 Compatibilidad universal<br data-start=\"682\" data-end=\"685\" \/>\u2705 Carga r\u00e1pida y estable<br data-start=\"709\" data-end=\"712\" \/>\u2705 Dise\u00f1o ligero y port\u00e1til<br data-start=\"738\" data-end=\"741\" \/>\u2705 4 conexiones en 1 solo cable<\/p>","protected":false},"excerpt":{"rendered":"<p data-start=\"98\" data-end=\"450\">Pr\u00e1ctico, vers\u00e1til y compacto, este cable es la soluci\u00f3n ideal para cargar varios dispositivos con un solo accesorio. Cuenta con <strong data-start=\"265\" data-end=\"292\">4 conectores diferentes<\/strong> (USB, USB-C, Micro USB y Lightning) que permiten alimentar y sincronizar la mayor\u00eda de smartphones, tablets, auriculares y otros dispositivos electr\u00f3nicos.<\/p>\n<p data-start=\"452\" data-end=\"654\">Dise\u00f1ado con materiales resistentes y un acabado anti-enredos, es perfecto para llevar en el bolso, mochila o coche y olvidarte de cargar con m\u00faltiples cables. Ideal para viajes, oficina o uso diario.<\/p>\n<p data-start=\"656\" data-end=\"773\">\u2705 Compatibilidad universal<br data-start=\"682\" data-end=\"685\" \/>\u2705 Carga r\u00e1pida y estable<br data-start=\"709\" data-end=\"712\" \/>\u2705 Dise\u00f1o ligero y port\u00e1til<br data-start=\"738\" data-end=\"741\" \/>\u2705 4 conexiones en 1 solo cable<\/p>","protected":false},"featured_media":18501,"comment_status":"closed","ping_status":"closed","template":"","meta":{"_joinchat":[]},"product_brand":[],"product_cat":[15,108,226],"product_tag":[266],"class_list":{"0":"post-18499","1":"product","2":"type-product","3":"status-publish","4":"has-post-thumbnail","6":"product_cat-varios","7":"product_cat-electronica_informatica","8":"product_cat-telefonia","9":"product_tag-2506u","11":"first","12":"instock","13":"shipping-taxable","14":"purchasable","15":"product-type-simple"},"_links":{"self":[{"href":"https:\/\/www.preciosboom.com\/ca\/wp-json\/wp\/v2\/product\/18499"}],"collection":[{"href":"https:\/\/www.preciosboom.com\/ca\/wp-json\/wp\/v2\/product"}],"about":[{"href":"https:\/\/www.preciosboom.com\/ca\/wp-json\/wp\/v2\/types\/product"}],"replies":[{"embeddable":true,"href":"https:\/\/www.preciosboom.com\/ca\/wp-json\/wp\/v2\/comments?post=18499"}],"wp:featuredmedia":[{"embeddable":true,"href":"https:\/\/www.preciosboom.com\/ca\/wp-json\/wp\/v2\/media\/18501"}],"wp:attachment":[{"href":"https:\/\/www.preciosboom.com\/ca\/wp-json\/wp\/v2\/media?parent=18499"}],"wp:term":[{"taxonomy":"product_brand","embeddable":true,"href":"https:\/\/www.preciosboom.com\/ca\/wp-json\/wp\/v2\/product_brand?post=18499"},{"taxonomy":"product_cat","embeddable":true,"href":"https:\/\/www.preciosboom.com\/ca\/wp-json\/wp\/v2\/product_cat?post=18499"},{"taxonomy":"product_tag","embeddable":true,"href":"https:\/\/www.preciosboom.com\/ca\/wp-json\/wp\/v2\/product_tag?post=18499"}],"curies":[{"name":"wp","href":"https:\/\/api.w.org\/{rel}","templated":true}]}}