{"id":18491,"date":"2025-09-15T09:12:37","date_gmt":"2025-09-15T08:12:37","guid":{"rendered":"https:\/\/www.preciosboom.com\/?post_type=product&#038;p=18491"},"modified":"2025-09-16T11:03:26","modified_gmt":"2025-09-16T10:03:26","slug":"cable-iphone","status":"publish","type":"product","link":"https:\/\/www.preciosboom.com\/ca\/product\/cable-iphone\/","title":{"rendered":"Cable Iphone"},"content":{"rendered":"<p data-start=\"118\" data-end=\"370\">Cable de carga y transferencia de datos dise\u00f1ado espec\u00edficamente para dispositivos iPhone, iPad y iPod. Garantiza una carga r\u00e1pida y segura, as\u00ed como una transferencia eficiente de fotos, v\u00eddeos y otros archivos entre tus dispositivos y el ordenador.<\/p>\n<p data-start=\"372\" data-end=\"406\"><strong data-start=\"372\" data-end=\"404\">Caracter\u00edsticas principales:<\/strong><\/p>\n<ul data-start=\"407\" data-end=\"1026\">\n<li data-start=\"407\" data-end=\"495\">\n<p data-start=\"409\" data-end=\"495\"><strong data-start=\"409\" data-end=\"434\">Compatibilidad Apple:<\/strong> compatible con iPhone, iPad y iPod con conector Lightning.<\/p>\n<\/li>\n<li data-start=\"496\" data-end=\"613\">\n<p data-start=\"498\" data-end=\"613\"><strong data-start=\"498\" data-end=\"524\">Carga r\u00e1pida y segura:<\/strong> dise\u00f1ado para proteger la bater\u00eda de tu dispositivo mientras carga a velocidad \u00f3ptima.<\/p>\n<\/li>\n<li data-start=\"614\" data-end=\"724\">\n<p data-start=\"616\" data-end=\"724\"><strong data-start=\"616\" data-end=\"653\">Transferencia de datos eficiente:<\/strong> permite mover archivos de manera r\u00e1pida y segura entre dispositivos.<\/p>\n<\/li>\n<li data-start=\"725\" data-end=\"832\">\n<p data-start=\"727\" data-end=\"832\"><strong data-start=\"727\" data-end=\"751\">Material resistente:<\/strong> fabricado con materiales duraderos que previenen enredos, torsiones y roturas.<\/p>\n<\/li>\n<li data-start=\"833\" data-end=\"935\">\n<p data-start=\"835\" data-end=\"935\"><strong data-start=\"835\" data-end=\"855\">Dise\u00f1o pr\u00e1ctico:<\/strong> acabado elegante y discreto, ideal para uso diario en casa, oficina o viajes.<\/p>\n<\/li>\n<li data-start=\"936\" data-end=\"1026\">\n<p data-start=\"938\" data-end=\"1026\"><strong data-start=\"938\" data-end=\"962\">Longitud disponible:<\/strong> varias opciones de longitud para adaptarse a tus necesidades.<\/p>\n<\/li>\n<\/ul>\n<p data-start=\"1028\" data-end=\"1215\"><strong data-start=\"1028\" data-end=\"1041\">Ventajas:<\/strong><br data-start=\"1041\" data-end=\"1044\" \/>Este cable para iPhone combina eficiencia, seguridad y durabilidad en un solo accesorio, siendo perfecto para mantener tus dispositivos siempre cargados y sincronizados.<\/p>\n<p data-start=\"1217\" data-end=\"1292\"><strong data-start=\"1217\" data-end=\"1243\">Contenido del paquete:<\/strong><br data-start=\"1243\" data-end=\"1246\" \/>1 x Cable para iPhone con conector Lightning<\/p>","protected":false},"excerpt":{"rendered":"<p data-start=\"118\" data-end=\"370\">Cable de carga y transferencia de datos dise\u00f1ado espec\u00edficamente para dispositivos iPhone, iPad y iPod. Garantiza una carga r\u00e1pida y segura, as\u00ed como una transferencia eficiente de fotos, v\u00eddeos y otros archivos entre tus dispositivos y el ordenador.<\/p>\n<p data-start=\"372\" data-end=\"406\"><strong data-start=\"372\" data-end=\"404\">Caracter\u00edsticas principales:<\/strong><\/p>\n<ul data-start=\"407\" data-end=\"1026\">\n<li data-start=\"407\" data-end=\"495\">\n<p data-start=\"409\" data-end=\"495\"><strong data-start=\"409\" data-end=\"434\">Compatibilidad Apple:<\/strong> compatible con iPhone, iPad y iPod con conector Lightning.<\/p>\n<\/li>\n<li data-start=\"496\" data-end=\"613\">\n<p data-start=\"498\" data-end=\"613\"><strong data-start=\"498\" data-end=\"524\">Carga r\u00e1pida y segura:<\/strong> dise\u00f1ado para proteger la bater\u00eda de tu dispositivo mientras carga a velocidad \u00f3ptima.<\/p>\n<\/li>\n<li data-start=\"614\" data-end=\"724\">\n<p data-start=\"616\" data-end=\"724\"><strong data-start=\"616\" data-end=\"653\">Transferencia de datos eficiente:<\/strong> permite mover archivos de manera r\u00e1pida y segura entre dispositivos.<\/p>\n<\/li>\n<li data-start=\"725\" data-end=\"832\">\n<p data-start=\"727\" data-end=\"832\"><strong data-start=\"727\" data-end=\"751\">Material resistente:<\/strong> fabricado con materiales duraderos que previenen enredos, torsiones y roturas.<\/p>\n<\/li>\n<li data-start=\"833\" data-end=\"935\">\n<p data-start=\"835\" data-end=\"935\"><strong data-start=\"835\" data-end=\"855\">Dise\u00f1o pr\u00e1ctico:<\/strong> acabado elegante y discreto, ideal para uso diario en casa, oficina o viajes.<\/p>\n<\/li>\n<li data-start=\"936\" data-end=\"1026\">\n<p data-start=\"938\" data-end=\"1026\"><strong data-start=\"938\" data-end=\"962\">Longitud disponible:<\/strong> varias opciones de longitud para adaptarse a tus necesidades.<\/p>\n<\/li>\n<\/ul>\n<p data-start=\"1028\" data-end=\"1215\"><strong data-start=\"1028\" data-end=\"1041\">Ventajas:<\/strong><br data-start=\"1041\" data-end=\"1044\" \/>Este cable para iPhone combina eficiencia, seguridad y durabilidad en un solo accesorio, siendo perfecto para mantener tus dispositivos siempre cargados y sincronizados.<\/p>\n<p data-start=\"1217\" data-end=\"1292\"><strong data-start=\"1217\" data-end=\"1243\">Contenido del paquete:<\/strong><br data-start=\"1243\" data-end=\"1246\" \/>1 x Cable para iPhone con conector Lightning<\/p>","protected":false},"featured_media":18492,"comment_status":"closed","ping_status":"closed","template":"","meta":{"_joinchat":[]},"product_brand":[],"product_cat":[108,226],"product_tag":[262],"class_list":{"0":"post-18491","1":"product","2":"type-product","3":"status-publish","4":"has-post-thumbnail","6":"product_cat-electronica_informatica","7":"product_cat-telefonia","8":"product_tag-262","10":"first","11":"instock","12":"shipping-taxable","13":"purchasable","14":"product-type-simple"},"_links":{"self":[{"href":"https:\/\/www.preciosboom.com\/ca\/wp-json\/wp\/v2\/product\/18491"}],"collection":[{"href":"https:\/\/www.preciosboom.com\/ca\/wp-json\/wp\/v2\/product"}],"about":[{"href":"https:\/\/www.preciosboom.com\/ca\/wp-json\/wp\/v2\/types\/product"}],"replies":[{"embeddable":true,"href":"https:\/\/www.preciosboom.com\/ca\/wp-json\/wp\/v2\/comments?post=18491"}],"wp:featuredmedia":[{"embeddable":true,"href":"https:\/\/www.preciosboom.com\/ca\/wp-json\/wp\/v2\/media\/18492"}],"wp:attachment":[{"href":"https:\/\/www.preciosboom.com\/ca\/wp-json\/wp\/v2\/media?parent=18491"}],"wp:term":[{"taxonomy":"product_brand","embeddable":true,"href":"https:\/\/www.preciosboom.com\/ca\/wp-json\/wp\/v2\/product_brand?post=18491"},{"taxonomy":"product_cat","embeddable":true,"href":"https:\/\/www.preciosboom.com\/ca\/wp-json\/wp\/v2\/product_cat?post=18491"},{"taxonomy":"product_tag","embeddable":true,"href":"https:\/\/www.preciosboom.com\/ca\/wp-json\/wp\/v2\/product_tag?post=18491"}],"curies":[{"name":"wp","href":"https:\/\/api.w.org\/{rel}","templated":true}]}}