{"id":18487,"date":"2025-09-15T08:48:32","date_gmt":"2025-09-15T07:48:32","guid":{"rendered":"https:\/\/www.preciosboom.com\/?post_type=product&#038;p=18487"},"modified":"2025-11-09T14:14:25","modified_gmt":"2025-11-09T13:14:25","slug":"funda-agua-movil-flotante","status":"publish","type":"product","link":"https:\/\/www.preciosboom.com\/ca\/product\/funda-agua-movil-flotante\/","title":{"rendered":"Funda agua m\u00f3vil flotante"},"content":{"rendered":"<p data-start=\"135\" data-end=\"433\">Funda protectora impermeable para m\u00f3vil, dise\u00f1ada para mantener tu dispositivo seguro y funcional incluso en contacto con agua, arena o polvo. Fabricada con materiales resistentes y transparentes, permite usar la pantalla t\u00e1ctil y hacer fotos o v\u00eddeos sin necesidad de sacar el m\u00f3vil de la funda.<\/p>\n<p data-start=\"435\" data-end=\"469\"><strong data-start=\"435\" data-end=\"467\">Caracter\u00edsticas principales:<\/strong><\/p>\n<ul data-start=\"470\" data-end=\"1028\">\n<li data-start=\"470\" data-end=\"548\">\n<p data-start=\"472\" data-end=\"548\"><strong data-start=\"472\" data-end=\"497\">Impermeable y segura:<\/strong> protege tu m\u00f3vil de agua, lluvia, arena y polvo.<\/p>\n<\/li>\n<li data-start=\"549\" data-end=\"663\">\n<p data-start=\"551\" data-end=\"663\"><strong data-start=\"551\" data-end=\"580\">Compatibilidad universal:<\/strong> apta para la mayor\u00eda de smartphones, sin limitar el acceso a botones ni puertos.<\/p>\n<\/li>\n<li data-start=\"664\" data-end=\"791\">\n<p data-start=\"666\" data-end=\"791\"><strong data-start=\"666\" data-end=\"696\">Pantalla t\u00e1ctil funcional:<\/strong> permite interactuar con la pantalla, contestar llamadas y tomar fotos o v\u00eddeos bajo el agua.<\/p>\n<\/li>\n<li data-start=\"792\" data-end=\"912\">\n<p data-start=\"794\" data-end=\"912\"><strong data-start=\"794\" data-end=\"823\">Dise\u00f1o compacto y ligero:<\/strong> f\u00e1cil de llevar en el bolso, mochila o colgado al cuello gracias a su cord\u00f3n incluido.<\/p>\n<\/li>\n<li data-start=\"913\" data-end=\"1028\">\n<p data-start=\"915\" data-end=\"1028\"><strong data-start=\"915\" data-end=\"933\">Cierre seguro:<\/strong> sistema de sellado que evita filtraciones y mantiene tu dispositivo completamente protegido.<\/p>\n<\/li>\n<\/ul>\n<p data-start=\"1030\" data-end=\"1254\"><strong data-start=\"1030\" data-end=\"1043\">Ventajas:<\/strong><br data-start=\"1043\" data-end=\"1046\" \/>Ideal para actividades al aire libre como playa, piscina, senderismo, deportes acu\u00e1ticos o viajes. Mant\u00e9n tu m\u00f3vil protegido sin renunciar a la funcionalidad y captura todos tus momentos sin preocupaciones.<\/p>\n<p data-start=\"1256\" data-end=\"1338\"><strong data-start=\"1256\" data-end=\"1282\">Contenido del paquete:<\/strong><br data-start=\"1282\" data-end=\"1285\" \/>1 x Funda de agua para m\u00f3vil<br data-start=\"1313\" data-end=\"1316\" \/>1 x Cord\u00f3n ajustable<\/p>","protected":false},"excerpt":{"rendered":"<p data-start=\"135\" data-end=\"433\">Funda protectora impermeable para m\u00f3vil, dise\u00f1ada para mantener tu dispositivo seguro y funcional incluso en contacto con agua, arena o polvo. Fabricada con materiales resistentes y transparentes, permite usar la pantalla t\u00e1ctil y hacer fotos o v\u00eddeos sin necesidad de sacar el m\u00f3vil de la funda.<\/p>\n<p data-start=\"435\" data-end=\"469\"><strong data-start=\"435\" data-end=\"467\">Caracter\u00edsticas principales:<\/strong><\/p>\n<ul data-start=\"470\" data-end=\"1028\">\n<li data-start=\"470\" data-end=\"548\">\n<p data-start=\"472\" data-end=\"548\"><strong data-start=\"472\" data-end=\"497\">Impermeable y segura:<\/strong> protege tu m\u00f3vil de agua, lluvia, arena y polvo.<\/p>\n<\/li>\n<li data-start=\"549\" data-end=\"663\">\n<p data-start=\"551\" data-end=\"663\"><strong data-start=\"551\" data-end=\"580\">Compatibilidad universal:<\/strong> apta para la mayor\u00eda de smartphones, sin limitar el acceso a botones ni puertos.<\/p>\n<\/li>\n<li data-start=\"664\" data-end=\"791\">\n<p data-start=\"666\" data-end=\"791\"><strong data-start=\"666\" data-end=\"696\">Pantalla t\u00e1ctil funcional:<\/strong> permite interactuar con la pantalla, contestar llamadas y tomar fotos o v\u00eddeos bajo el agua.<\/p>\n<\/li>\n<li data-start=\"792\" data-end=\"912\">\n<p data-start=\"794\" data-end=\"912\"><strong data-start=\"794\" data-end=\"823\">Dise\u00f1o compacto y ligero:<\/strong> f\u00e1cil de llevar en el bolso, mochila o colgado al cuello gracias a su cord\u00f3n incluido.<\/p>\n<\/li>\n<li data-start=\"913\" data-end=\"1028\">\n<p data-start=\"915\" data-end=\"1028\"><strong data-start=\"915\" data-end=\"933\">Cierre seguro:<\/strong> sistema de sellado que evita filtraciones y mantiene tu dispositivo completamente protegido.<\/p>\n<\/li>\n<\/ul>\n<p data-start=\"1030\" data-end=\"1254\"><strong data-start=\"1030\" data-end=\"1043\">Ventajas:<\/strong><br data-start=\"1043\" data-end=\"1046\" \/>Ideal para actividades al aire libre como playa, piscina, senderismo, deportes acu\u00e1ticos o viajes. Mant\u00e9n tu m\u00f3vil protegido sin renunciar a la funcionalidad y captura todos tus momentos sin preocupaciones.<\/p>\n<p data-start=\"1256\" data-end=\"1338\"><strong data-start=\"1256\" data-end=\"1282\">Contenido del paquete:<\/strong><br data-start=\"1282\" data-end=\"1285\" \/>1 x Funda de agua para m\u00f3vil<br data-start=\"1313\" data-end=\"1316\" \/>1 x Cord\u00f3n ajustable<\/p>","protected":false},"featured_media":18488,"comment_status":"closed","ping_status":"closed","template":"","meta":{"_joinchat":[]},"product_brand":[],"product_cat":[231,108],"product_tag":[260],"class_list":{"0":"post-18487","1":"product","2":"type-product","3":"status-publish","4":"has-post-thumbnail","6":"product_cat-carcasas_movil","7":"product_cat-electronica_informatica","8":"product_tag-260","10":"first","11":"instock","12":"shipping-taxable","13":"purchasable","14":"product-type-simple"},"_links":{"self":[{"href":"https:\/\/www.preciosboom.com\/ca\/wp-json\/wp\/v2\/product\/18487"}],"collection":[{"href":"https:\/\/www.preciosboom.com\/ca\/wp-json\/wp\/v2\/product"}],"about":[{"href":"https:\/\/www.preciosboom.com\/ca\/wp-json\/wp\/v2\/types\/product"}],"replies":[{"embeddable":true,"href":"https:\/\/www.preciosboom.com\/ca\/wp-json\/wp\/v2\/comments?post=18487"}],"wp:featuredmedia":[{"embeddable":true,"href":"https:\/\/www.preciosboom.com\/ca\/wp-json\/wp\/v2\/media\/18488"}],"wp:attachment":[{"href":"https:\/\/www.preciosboom.com\/ca\/wp-json\/wp\/v2\/media?parent=18487"}],"wp:term":[{"taxonomy":"product_brand","embeddable":true,"href":"https:\/\/www.preciosboom.com\/ca\/wp-json\/wp\/v2\/product_brand?post=18487"},{"taxonomy":"product_cat","embeddable":true,"href":"https:\/\/www.preciosboom.com\/ca\/wp-json\/wp\/v2\/product_cat?post=18487"},{"taxonomy":"product_tag","embeddable":true,"href":"https:\/\/www.preciosboom.com\/ca\/wp-json\/wp\/v2\/product_tag?post=18487"}],"curies":[{"name":"wp","href":"https:\/\/api.w.org\/{rel}","templated":true}]}}