{"id":18485,"date":"2025-09-15T08:44:53","date_gmt":"2025-09-15T07:44:53","guid":{"rendered":"https:\/\/www.preciosboom.com\/?post_type=product&#038;p=18485"},"modified":"2025-09-15T08:44:53","modified_gmt":"2025-09-15T07:44:53","slug":"adaptador-corriente-universal","status":"publish","type":"product","link":"https:\/\/www.preciosboom.com\/ca\/product\/adaptador-corriente-universal\/","title":{"rendered":"Adaptador corriente universal"},"content":{"rendered":"<p data-start=\"159\" data-end=\"522\">Adaptador de corriente universal en color blanco, dise\u00f1ado para ofrecer compatibilidad con una gran variedad de dispositivos electr\u00f3nicos.<\/p>\n<p data-start=\"159\" data-end=\"522\">Su voltaje de salida ajustable permite conectar diferentes aparatos de manera segura y eficiente.<\/p>\n<p data-start=\"159\" data-end=\"522\">Cuenta con protecci\u00f3n contra sobrecarga, sobrecalentamiento y cortocircuitos, garantizando un uso confiable en todo momento.<\/p>\n<p data-start=\"524\" data-end=\"766\">Su dise\u00f1o compacto, ligero y resistente lo convierte en un accesorio ideal para el hogar, la oficina o viajes.<\/p>\n<p data-start=\"524\" data-end=\"766\">Olv\u00eddate de llevar m\u00faltiples cargadores: este adaptador universal es la soluci\u00f3n pr\u00e1ctica y vers\u00e1til que simplifica tu d\u00eda a d\u00eda!<\/p>","protected":false},"excerpt":{"rendered":"<p data-start=\"159\" data-end=\"522\">Adaptador de corriente universal en color blanco, dise\u00f1ado para ofrecer compatibilidad con una gran variedad de dispositivos electr\u00f3nicos.<\/p>\n<p data-start=\"159\" data-end=\"522\">Su voltaje de salida ajustable permite conectar diferentes aparatos de manera segura y eficiente.<\/p>\n<p data-start=\"159\" data-end=\"522\">Cuenta con protecci\u00f3n contra sobrecarga, sobrecalentamiento y cortocircuitos, garantizando un uso confiable en todo momento.<\/p>\n<p data-start=\"524\" data-end=\"766\">Su dise\u00f1o compacto, ligero y resistente lo convierte en un accesorio ideal para el hogar, la oficina o viajes.<\/p>\n<p data-start=\"524\" data-end=\"766\">Olv\u00eddate de llevar m\u00faltiples cargadores: este adaptador universal es la soluci\u00f3n pr\u00e1ctica y vers\u00e1til que simplifica tu d\u00eda a d\u00eda!<\/p>","protected":false},"featured_media":18486,"comment_status":"closed","ping_status":"closed","template":"","meta":{"_joinchat":[]},"product_brand":[],"product_cat":[108],"product_tag":[259],"class_list":{"0":"post-18485","1":"product","2":"type-product","3":"status-publish","4":"has-post-thumbnail","6":"product_cat-electronica_informatica","7":"product_tag-259","9":"first","10":"instock","11":"shipping-taxable","12":"purchasable","13":"product-type-simple"},"_links":{"self":[{"href":"https:\/\/www.preciosboom.com\/ca\/wp-json\/wp\/v2\/product\/18485"}],"collection":[{"href":"https:\/\/www.preciosboom.com\/ca\/wp-json\/wp\/v2\/product"}],"about":[{"href":"https:\/\/www.preciosboom.com\/ca\/wp-json\/wp\/v2\/types\/product"}],"replies":[{"embeddable":true,"href":"https:\/\/www.preciosboom.com\/ca\/wp-json\/wp\/v2\/comments?post=18485"}],"wp:featuredmedia":[{"embeddable":true,"href":"https:\/\/www.preciosboom.com\/ca\/wp-json\/wp\/v2\/media\/18486"}],"wp:attachment":[{"href":"https:\/\/www.preciosboom.com\/ca\/wp-json\/wp\/v2\/media?parent=18485"}],"wp:term":[{"taxonomy":"product_brand","embeddable":true,"href":"https:\/\/www.preciosboom.com\/ca\/wp-json\/wp\/v2\/product_brand?post=18485"},{"taxonomy":"product_cat","embeddable":true,"href":"https:\/\/www.preciosboom.com\/ca\/wp-json\/wp\/v2\/product_cat?post=18485"},{"taxonomy":"product_tag","embeddable":true,"href":"https:\/\/www.preciosboom.com\/ca\/wp-json\/wp\/v2\/product_tag?post=18485"}],"curies":[{"name":"wp","href":"https:\/\/api.w.org\/{rel}","templated":true}]}}