{"id":18459,"date":"2025-09-10T10:36:06","date_gmt":"2025-09-10T09:36:06","guid":{"rendered":"https:\/\/www.preciosboom.com\/?post_type=product&#038;p=18459"},"modified":"2026-04-27T13:52:00","modified_gmt":"2026-04-27T12:52:00","slug":"toalla-de-playa-100-algodon-toalla-pareo-2","status":"publish","type":"product","link":"https:\/\/www.preciosboom.com\/ca\/product\/toalla-de-playa-100-algodon-toalla-pareo-2\/","title":{"rendered":"Toalla de playa 100% algod\u00f3n toalla pareo."},"content":{"rendered":"<p>Toalla de playa 100% algod\u00f3n toalla pareo.<\/p>\n<p>Toalla de playa Jacquard muy suave de gran calidad, fabricada en Turqu\u00eda donde tienen uno de los mejores algodones del mundo.<\/p>\n<p>Dise\u00f1o muy bonito espa\u00f1ol, toro con bandera de Espa\u00f1a de fondo.<\/p>\n<p>F\u00e1cil de transportar y plegar, ideal para el verano, playa, piscina.<\/p>\n<p>Peso de 450g aproximadamente.<\/p>\n<p>&nbsp;<\/p>","protected":false},"excerpt":{"rendered":"<p>Toalla de playa 100% algod\u00f3n toalla pareo.<\/p>\n<p>Toalla de playa Jacquard muy suave de gran calidad, fabricada en Turqu\u00eda donde tienen uno de los mejores algodones del mundo.<\/p>\n<p>Dise\u00f1o muy bonito espa\u00f1ol, toro con bandera de Espa\u00f1a de fondo.<\/p>\n<p>F\u00e1cil de transportar y plegar, ideal para el verano, playa, piscina.<\/p>\n<p>Peso de 450g aproximadamente.<\/p>\n<p>&nbsp;<\/p>","protected":false},"featured_media":18460,"comment_status":"closed","ping_status":"closed","template":"","meta":{"_joinchat":[]},"product_brand":[],"product_cat":[218,113],"product_tag":[256],"class_list":{"0":"post-18459","1":"product","2":"type-product","3":"status-publish","4":"has-post-thumbnail","6":"product_cat-toallas","7":"product_cat-verano_playa","8":"product_tag-256","10":"first","11":"instock","12":"shipping-taxable","13":"purchasable","14":"product-type-simple"},"_links":{"self":[{"href":"https:\/\/www.preciosboom.com\/ca\/wp-json\/wp\/v2\/product\/18459"}],"collection":[{"href":"https:\/\/www.preciosboom.com\/ca\/wp-json\/wp\/v2\/product"}],"about":[{"href":"https:\/\/www.preciosboom.com\/ca\/wp-json\/wp\/v2\/types\/product"}],"replies":[{"embeddable":true,"href":"https:\/\/www.preciosboom.com\/ca\/wp-json\/wp\/v2\/comments?post=18459"}],"wp:featuredmedia":[{"embeddable":true,"href":"https:\/\/www.preciosboom.com\/ca\/wp-json\/wp\/v2\/media\/18460"}],"wp:attachment":[{"href":"https:\/\/www.preciosboom.com\/ca\/wp-json\/wp\/v2\/media?parent=18459"}],"wp:term":[{"taxonomy":"product_brand","embeddable":true,"href":"https:\/\/www.preciosboom.com\/ca\/wp-json\/wp\/v2\/product_brand?post=18459"},{"taxonomy":"product_cat","embeddable":true,"href":"https:\/\/www.preciosboom.com\/ca\/wp-json\/wp\/v2\/product_cat?post=18459"},{"taxonomy":"product_tag","embeddable":true,"href":"https:\/\/www.preciosboom.com\/ca\/wp-json\/wp\/v2\/product_tag?post=18459"}],"curies":[{"name":"wp","href":"https:\/\/api.w.org\/{rel}","templated":true}]}}