{"id":18158,"date":"2024-08-06T10:13:49","date_gmt":"2024-08-06T09:13:49","guid":{"rendered":"https:\/\/www.preciosboom.com\/?post_type=product&#038;p=18158"},"modified":"2026-04-28T13:52:25","modified_gmt":"2026-04-28T12:52:25","slug":"balon-pelota-de-13-cm-colores-surtidos","status":"publish","type":"product","link":"https:\/\/www.preciosboom.com\/ca\/product\/balon-pelota-de-13-cm-colores-surtidos\/","title":{"rendered":"Bal\u00f3n pelota de 13 cm colores surtidos"},"content":{"rendered":"<p data-start=\"180\" data-end=\"249\"><strong data-start=\"180\" data-end=\"249\">Pelota de Pl\u00e1stico 13 cm \u2013 Diversi\u00f3n segura para todas las edades<\/strong><\/p>\n<p data-start=\"251\" data-end=\"666\">Nuestra pelota de pl\u00e1stico de 13 cm es el accesorio perfecto para juegos recreativos tanto en interiores como al aire libre. Fabricada con materiales pl\u00e1sticos de alta calidad, esta pelota es ligera, resistente y completamente segura para el uso infantil. Su tama\u00f1o compacto la hace f\u00e1cil de manejar por ni\u00f1os peque\u00f1os, pero tambi\u00e9n es ideal para actividades grupales, juegos de jard\u00edn, playa, piscina o guarder\u00edas.<\/p>\n<p data-start=\"668\" data-end=\"939\">Gracias a su superficie lisa y acabado brillante, esta pelota no solo es atractiva visualmente, sino tambi\u00e9n f\u00e1cil de limpiar y mantener. Disponible en una variedad de colores vibrantes, estimula la motricidad, la coordinaci\u00f3n y la interacci\u00f3n social en los m\u00e1s peque\u00f1os.<\/p>\n<p data-start=\"941\" data-end=\"1165\">Ya sea para complementar un \u00e1rea de juegos, regalar en fiestas infantiles o simplemente para pasar un buen rato en familia, esta pelota de pl\u00e1stico de 13 cm es una opci\u00f3n vers\u00e1til, segura y muy divertida.<\/p>\n<p data-start=\"1167\" data-end=\"1199\"><strong data-start=\"1167\" data-end=\"1199\">Caracter\u00edsticas principales:<\/strong><\/p>\n<ul data-start=\"1200\" data-end=\"1453\">\n<li data-start=\"1200\" data-end=\"1219\">\n<p data-start=\"1202\" data-end=\"1219\">Di\u00e1metro: 13 cm<\/p>\n<\/li>\n<li data-start=\"1220\" data-end=\"1262\">\n<p data-start=\"1222\" data-end=\"1262\">Material: Pl\u00e1stico ligero y resistente<\/p>\n<\/li>\n<li data-start=\"1263\" data-end=\"1310\">\n<p data-start=\"1265\" data-end=\"1310\">Colores surtidos<\/p>\n<\/li>\n<li data-start=\"1311\" data-end=\"1366\">\n<p data-start=\"1313\" data-end=\"1366\">Ideal para uso en interiores, exteriores y piscinas<\/p>\n<\/li>\n<li data-start=\"1311\" data-end=\"1366\">\n<p data-start=\"1313\" data-end=\"1366\">Apta para todas las edades (uso recomendado bajo supervisi\u00f3n para menores de 3 a\u00f1os).<\/p>\n<\/li>\n<li data-start=\"1311\" data-end=\"1366\">Se vende con red de transporte<\/li>\n<\/ul>\n<p>Precios por unidad.<\/p>\n<p>Se vende sin inflar.<\/p>","protected":false},"excerpt":{"rendered":"<p>Bal\u00f3n pelota de 13 cm colores surtidos<\/p>\n<p>Pelota de PVC de gran calidad.<\/p>\n<p>Colores vibrantes y surtidos.<\/p>\n<p>Precios por unidad.<\/p>\n<p>Se vende sin inflar.<\/p>","protected":false},"featured_media":18528,"comment_status":"closed","ping_status":"closed","template":"","meta":{"_joinchat":[]},"product_brand":[],"product_cat":[213,113],"product_tag":[],"class_list":{"0":"post-18158","1":"product","2":"type-product","3":"status-publish","4":"has-post-thumbnail","6":"product_cat-balones_playa","7":"product_cat-verano_playa","9":"first","10":"instock","11":"shipping-taxable","12":"purchasable","13":"product-type-simple"},"_links":{"self":[{"href":"https:\/\/www.preciosboom.com\/ca\/wp-json\/wp\/v2\/product\/18158"}],"collection":[{"href":"https:\/\/www.preciosboom.com\/ca\/wp-json\/wp\/v2\/product"}],"about":[{"href":"https:\/\/www.preciosboom.com\/ca\/wp-json\/wp\/v2\/types\/product"}],"replies":[{"embeddable":true,"href":"https:\/\/www.preciosboom.com\/ca\/wp-json\/wp\/v2\/comments?post=18158"}],"wp:featuredmedia":[{"embeddable":true,"href":"https:\/\/www.preciosboom.com\/ca\/wp-json\/wp\/v2\/media\/18528"}],"wp:attachment":[{"href":"https:\/\/www.preciosboom.com\/ca\/wp-json\/wp\/v2\/media?parent=18158"}],"wp:term":[{"taxonomy":"product_brand","embeddable":true,"href":"https:\/\/www.preciosboom.com\/ca\/wp-json\/wp\/v2\/product_brand?post=18158"},{"taxonomy":"product_cat","embeddable":true,"href":"https:\/\/www.preciosboom.com\/ca\/wp-json\/wp\/v2\/product_cat?post=18158"},{"taxonomy":"product_tag","embeddable":true,"href":"https:\/\/www.preciosboom.com\/ca\/wp-json\/wp\/v2\/product_tag?post=18158"}],"curies":[{"name":"wp","href":"https:\/\/api.w.org\/{rel}","templated":true}]}}