{"id":18149,"date":"2024-08-02T13:21:10","date_gmt":"2024-08-02T12:21:10","guid":{"rendered":"https:\/\/www.preciosboom.com\/?post_type=product&#038;p=18149"},"modified":"2024-08-05T06:46:50","modified_gmt":"2024-08-05T05:46:50","slug":"pelota-pvc-con-dibujo-de-vehiculos-20-cms","status":"publish","type":"product","link":"https:\/\/www.preciosboom.com\/ca\/product\/pelota-pvc-con-dibujo-de-vehiculos-20-cms\/","title":{"rendered":"Pelota Cami\u00f3n barcos globo 20 cms"},"content":{"rendered":"<p>Pelota Cami\u00f3n barcos globo 20 cms<\/p>\n<ul>\n<li>Bal\u00f3n de PVC muy resistente.<\/li>\n<li>Bonito dise\u00f1o con veh\u00edculos en todo el bal\u00f3n<\/li>\n<li>Edad recomendada a partir de 2 a\u00f1os.<\/li>\n<\/ul>\n<p>Se env\u00eda sin inflar.<\/p>","protected":false},"excerpt":{"rendered":"<p>Pelota Cami\u00f3n barcos globo 20 cms<\/p>\n<ul>\n<li>Bal\u00f3n de PVC muy resistente.<\/li>\n<li>Bonito dise\u00f1o con veh\u00edculos en todo el bal\u00f3n<\/li>\n<li>Edad recomendada a partir de 2 a\u00f1os.<\/li>\n<\/ul>\n<p>Se env\u00eda sin inflar.<\/p>","protected":false},"featured_media":18150,"comment_status":"closed","ping_status":"closed","template":"","meta":{"_joinchat":[]},"product_brand":[],"product_cat":[213,113],"product_tag":[],"class_list":{"0":"post-18149","1":"product","2":"type-product","3":"status-publish","4":"has-post-thumbnail","6":"product_cat-balones_playa","7":"product_cat-verano_playa","9":"first","10":"instock","11":"shipping-taxable","12":"purchasable","13":"product-type-simple"},"_links":{"self":[{"href":"https:\/\/www.preciosboom.com\/ca\/wp-json\/wp\/v2\/product\/18149"}],"collection":[{"href":"https:\/\/www.preciosboom.com\/ca\/wp-json\/wp\/v2\/product"}],"about":[{"href":"https:\/\/www.preciosboom.com\/ca\/wp-json\/wp\/v2\/types\/product"}],"replies":[{"embeddable":true,"href":"https:\/\/www.preciosboom.com\/ca\/wp-json\/wp\/v2\/comments?post=18149"}],"wp:featuredmedia":[{"embeddable":true,"href":"https:\/\/www.preciosboom.com\/ca\/wp-json\/wp\/v2\/media\/18150"}],"wp:attachment":[{"href":"https:\/\/www.preciosboom.com\/ca\/wp-json\/wp\/v2\/media?parent=18149"}],"wp:term":[{"taxonomy":"product_brand","embeddable":true,"href":"https:\/\/www.preciosboom.com\/ca\/wp-json\/wp\/v2\/product_brand?post=18149"},{"taxonomy":"product_cat","embeddable":true,"href":"https:\/\/www.preciosboom.com\/ca\/wp-json\/wp\/v2\/product_cat?post=18149"},{"taxonomy":"product_tag","embeddable":true,"href":"https:\/\/www.preciosboom.com\/ca\/wp-json\/wp\/v2\/product_tag?post=18149"}],"curies":[{"name":"wp","href":"https:\/\/api.w.org\/{rel}","templated":true}]}}