{"id":17951,"date":"2024-06-23T09:25:44","date_gmt":"2024-06-23T08:25:44","guid":{"rendered":"https:\/\/www.preciosboom.com\/?post_type=product&#038;p=17951"},"modified":"2024-06-23T09:25:45","modified_gmt":"2024-06-23T08:25:45","slug":"pelota-baloncesto-15-cms-balon-pequeno-baloncesto","status":"publish","type":"product","link":"https:\/\/www.preciosboom.com\/ca\/product\/pelota-baloncesto-15-cms-balon-pequeno-baloncesto\/","title":{"rendered":"Pelota baloncesto 15 cms bal\u00f3n peque\u00f1o baloncesto"},"content":{"rendered":"<p>Pelota baloncesto 15 cms bal\u00f3n peque\u00f1o baloncesto<\/p>\n<p>Material PVC resistente , medidas 15 cms<\/p>\n<p>Ideal para ni\u00f1os , verano , playa , piscina y jugar al aire libre .<\/p>\n<p>Textura rugosa lo que permite su mejor agarre .<\/p>\n<p>Se vende desinchada con red para colgar o transportar .<\/p>\n<p>Precio por unidad.<\/p>","protected":false},"excerpt":{"rendered":"<p>Pelota baloncesto 15 cms bal\u00f3n peque\u00f1o baloncesto<\/p>","protected":false},"featured_media":17952,"comment_status":"closed","ping_status":"closed","template":"","meta":{"_joinchat":[]},"product_brand":[],"product_cat":[213,113],"product_tag":[],"class_list":{"0":"post-17951","1":"product","2":"type-product","3":"status-publish","4":"has-post-thumbnail","6":"product_cat-balones_playa","7":"product_cat-verano_playa","9":"first","10":"instock","11":"shipping-taxable","12":"purchasable","13":"product-type-simple"},"_links":{"self":[{"href":"https:\/\/www.preciosboom.com\/ca\/wp-json\/wp\/v2\/product\/17951"}],"collection":[{"href":"https:\/\/www.preciosboom.com\/ca\/wp-json\/wp\/v2\/product"}],"about":[{"href":"https:\/\/www.preciosboom.com\/ca\/wp-json\/wp\/v2\/types\/product"}],"replies":[{"embeddable":true,"href":"https:\/\/www.preciosboom.com\/ca\/wp-json\/wp\/v2\/comments?post=17951"}],"wp:featuredmedia":[{"embeddable":true,"href":"https:\/\/www.preciosboom.com\/ca\/wp-json\/wp\/v2\/media\/17952"}],"wp:attachment":[{"href":"https:\/\/www.preciosboom.com\/ca\/wp-json\/wp\/v2\/media?parent=17951"}],"wp:term":[{"taxonomy":"product_brand","embeddable":true,"href":"https:\/\/www.preciosboom.com\/ca\/wp-json\/wp\/v2\/product_brand?post=17951"},{"taxonomy":"product_cat","embeddable":true,"href":"https:\/\/www.preciosboom.com\/ca\/wp-json\/wp\/v2\/product_cat?post=17951"},{"taxonomy":"product_tag","embeddable":true,"href":"https:\/\/www.preciosboom.com\/ca\/wp-json\/wp\/v2\/product_tag?post=17951"}],"curies":[{"name":"wp","href":"https:\/\/api.w.org\/{rel}","templated":true}]}}