{"id":16755,"date":"2024-05-20T10:13:18","date_gmt":"2024-05-20T09:13:18","guid":{"rendered":"https:\/\/www.preciosboom.com\/?post_type=product&#038;p=16755"},"modified":"2024-09-29T08:50:34","modified_gmt":"2024-09-29T07:50:34","slug":"barca-infantil-inflable-86-cm","status":"publish","type":"product","link":"https:\/\/www.preciosboom.com\/ca\/product\/barca-infantil-inflable-86-cm\/","title":{"rendered":"Barca infantil inflable 86 cm barquita ni\u00f1os"},"content":{"rendered":"<h1>Barca infantil inflable 86 cm<\/h1>\n<p>Barca inflable de 86 cm. ideal para ni\u00f1os y ni\u00f1as de 3 a 4 a\u00f1os.<\/p>\n<p>Perfecto para la diversi\u00f3n de los m\u00e1s peque\u00f1os de la casa. Est\u00e1 fabricado en PVC de alta calidad. Ideal para la piscina, ya que es muy estable en el agua.<\/p>\n<p>Su presentaci\u00f3n viene en bl\u00edster de 1 unidad.<\/p>\n<p>Dise\u00f1o aleatorio.<\/p>","protected":false},"excerpt":{"rendered":"<h1>Barca infantil inflable 86 cm<\/h1>\n<p>Barca inflable de 86 cm. ideal para ni\u00f1os y ni\u00f1as de 3 a 4 a\u00f1os.<\/p>\n<p>Perfecto para la diversi\u00f3n de los m\u00e1s peque\u00f1os de la casa. Est\u00e1 fabricado en PVC de alta calidad. Ideal para la piscina, ya que es muy estable en el agua.<\/p>\n<p>Su presentaci\u00f3n viene en bl\u00edster de 1 unidad.<\/p>\n<p>Dise\u00f1o aleatorio.<\/p>","protected":false},"featured_media":16756,"comment_status":"closed","ping_status":"closed","template":"","meta":{"_joinchat":[]},"product_brand":[],"product_cat":[15],"product_tag":[],"class_list":{"0":"post-16755","1":"product","2":"type-product","3":"status-publish","4":"has-post-thumbnail","6":"product_cat-varios","8":"first","9":"instock","10":"shipping-taxable","11":"purchasable","12":"product-type-simple"},"_links":{"self":[{"href":"https:\/\/www.preciosboom.com\/ca\/wp-json\/wp\/v2\/product\/16755"}],"collection":[{"href":"https:\/\/www.preciosboom.com\/ca\/wp-json\/wp\/v2\/product"}],"about":[{"href":"https:\/\/www.preciosboom.com\/ca\/wp-json\/wp\/v2\/types\/product"}],"replies":[{"embeddable":true,"href":"https:\/\/www.preciosboom.com\/ca\/wp-json\/wp\/v2\/comments?post=16755"}],"wp:featuredmedia":[{"embeddable":true,"href":"https:\/\/www.preciosboom.com\/ca\/wp-json\/wp\/v2\/media\/16756"}],"wp:attachment":[{"href":"https:\/\/www.preciosboom.com\/ca\/wp-json\/wp\/v2\/media?parent=16755"}],"wp:term":[{"taxonomy":"product_brand","embeddable":true,"href":"https:\/\/www.preciosboom.com\/ca\/wp-json\/wp\/v2\/product_brand?post=16755"},{"taxonomy":"product_cat","embeddable":true,"href":"https:\/\/www.preciosboom.com\/ca\/wp-json\/wp\/v2\/product_cat?post=16755"},{"taxonomy":"product_tag","embeddable":true,"href":"https:\/\/www.preciosboom.com\/ca\/wp-json\/wp\/v2\/product_tag?post=16755"}],"curies":[{"name":"wp","href":"https:\/\/api.w.org\/{rel}","templated":true}]}}