{"id":16753,"date":"2024-05-20T10:04:45","date_gmt":"2024-05-20T09:04:45","guid":{"rendered":"https:\/\/www.preciosboom.com\/?post_type=product&#038;p=16753"},"modified":"2024-09-29T08:55:01","modified_gmt":"2024-09-29T07:55:01","slug":"barca-inflable-infantil-86-cm","status":"publish","type":"product","link":"https:\/\/www.preciosboom.com\/ca\/product\/barca-inflable-infantil-86-cm\/","title":{"rendered":"Barca inflable infantil 86 cm barquita ni\u00f1os"},"content":{"rendered":"<h1>Barca inflable infantil 86 cm.<\/h1>\n<p>Barca inflable de 86 cm. ideal para ni\u00f1os y ni\u00f1as de 3 a 4 a\u00f1os.<\/p>\n<p>Perfecto para la diversi\u00f3n de los m\u00e1s peque\u00f1os de la casa. Est\u00e1 fabricado en PVC de alta calidad. Ideal para la piscina, ya que es muy estable en el agua.<\/p>\n<p>Su presentaci\u00f3n viene en bl\u00edster de 1 unidad.<\/p>\n<p>Dise\u00f1o aleatorio.<\/p>\n<p>&nbsp;<\/p>","protected":false},"excerpt":{"rendered":"<h1>Barca inflable infantil 86 cm.<\/h1>\n<p>Barca inflable de 86 cm. ideal para ni\u00f1os y ni\u00f1as de 3 a 4 a\u00f1os.<\/p>\n<p>Perfecto para la diversi\u00f3n de los m\u00e1s peque\u00f1os de la casa. Est\u00e1 fabricado en PVC de alta calidad. Ideal para la piscina, ya que es muy estable en el agua.<\/p>\n<p>Su presentaci\u00f3n viene en bl\u00edster de 1 unidad.<\/p>\n<p>Dise\u00f1o aleatorio.<\/p>","protected":false},"featured_media":16754,"comment_status":"closed","ping_status":"closed","template":"","meta":{"_joinchat":[]},"product_brand":[],"product_cat":[229,212,113],"product_tag":[],"class_list":{"0":"post-16753","1":"product","2":"type-product","3":"status-publish","4":"has-post-thumbnail","6":"product_cat-barcas_hinchables","7":"product_cat-hinchable","8":"product_cat-verano_playa","10":"first","11":"instock","12":"shipping-taxable","13":"purchasable","14":"product-type-simple"},"_links":{"self":[{"href":"https:\/\/www.preciosboom.com\/ca\/wp-json\/wp\/v2\/product\/16753"}],"collection":[{"href":"https:\/\/www.preciosboom.com\/ca\/wp-json\/wp\/v2\/product"}],"about":[{"href":"https:\/\/www.preciosboom.com\/ca\/wp-json\/wp\/v2\/types\/product"}],"replies":[{"embeddable":true,"href":"https:\/\/www.preciosboom.com\/ca\/wp-json\/wp\/v2\/comments?post=16753"}],"wp:featuredmedia":[{"embeddable":true,"href":"https:\/\/www.preciosboom.com\/ca\/wp-json\/wp\/v2\/media\/16754"}],"wp:attachment":[{"href":"https:\/\/www.preciosboom.com\/ca\/wp-json\/wp\/v2\/media?parent=16753"}],"wp:term":[{"taxonomy":"product_brand","embeddable":true,"href":"https:\/\/www.preciosboom.com\/ca\/wp-json\/wp\/v2\/product_brand?post=16753"},{"taxonomy":"product_cat","embeddable":true,"href":"https:\/\/www.preciosboom.com\/ca\/wp-json\/wp\/v2\/product_cat?post=16753"},{"taxonomy":"product_tag","embeddable":true,"href":"https:\/\/www.preciosboom.com\/ca\/wp-json\/wp\/v2\/product_tag?post=16753"}],"curies":[{"name":"wp","href":"https:\/\/api.w.org\/{rel}","templated":true}]}}