{"id":16716,"date":"2024-05-06T11:53:25","date_gmt":"2024-05-06T10:53:25","guid":{"rendered":"https:\/\/www.preciosboom.com\/?post_type=product&#038;p=16716"},"modified":"2024-09-29T09:06:23","modified_gmt":"2024-09-29T08:06:23","slug":"flotador-circular-peces-50-cm","status":"publish","type":"product","link":"https:\/\/www.preciosboom.com\/ca\/product\/flotador-circular-peces-50-cm\/","title":{"rendered":"Flotador Circular Peces 50 cm flotador circular para ni\u00f1os rueda hinchable"},"content":{"rendered":"<p>Flotador Circular Peces 50 cm flotador circular para ni\u00f1os<\/p>\n<p>Bonito circular con dibujos de peces.<\/p>\n<p>Di\u00e1metro de 50cm perfecto para ni\u00f1os entre 3 a 5 a\u00f1os.<\/p>\n<p>Precio por unidad. Se vende desinflado.<\/p>\n<p>&nbsp;<\/p>","protected":false},"excerpt":{"rendered":"<p>Flotador Circular Peces 50 cm flotador circular para ni\u00f1os<\/p>\n<p>Bonito circular con dibujos de peces.<\/p>\n<p>Di\u00e1metro de 50cm perfecto para ni\u00f1os entre 3 a 5 a\u00f1os.<\/p>\n<p>Precio por unidad. Se vende desinflado.<\/p>","protected":false},"featured_media":16717,"comment_status":"closed","ping_status":"closed","template":"","meta":{"_joinchat":[]},"product_brand":[],"product_cat":[230,113],"product_tag":[],"class_list":{"0":"post-16716","1":"product","2":"type-product","3":"status-publish","4":"has-post-thumbnail","6":"product_cat-flotadores","7":"product_cat-verano_playa","9":"first","10":"instock","11":"shipping-taxable","12":"purchasable","13":"product-type-simple"},"_links":{"self":[{"href":"https:\/\/www.preciosboom.com\/ca\/wp-json\/wp\/v2\/product\/16716"}],"collection":[{"href":"https:\/\/www.preciosboom.com\/ca\/wp-json\/wp\/v2\/product"}],"about":[{"href":"https:\/\/www.preciosboom.com\/ca\/wp-json\/wp\/v2\/types\/product"}],"replies":[{"embeddable":true,"href":"https:\/\/www.preciosboom.com\/ca\/wp-json\/wp\/v2\/comments?post=16716"}],"wp:featuredmedia":[{"embeddable":true,"href":"https:\/\/www.preciosboom.com\/ca\/wp-json\/wp\/v2\/media\/16717"}],"wp:attachment":[{"href":"https:\/\/www.preciosboom.com\/ca\/wp-json\/wp\/v2\/media?parent=16716"}],"wp:term":[{"taxonomy":"product_brand","embeddable":true,"href":"https:\/\/www.preciosboom.com\/ca\/wp-json\/wp\/v2\/product_brand?post=16716"},{"taxonomy":"product_cat","embeddable":true,"href":"https:\/\/www.preciosboom.com\/ca\/wp-json\/wp\/v2\/product_cat?post=16716"},{"taxonomy":"product_tag","embeddable":true,"href":"https:\/\/www.preciosboom.com\/ca\/wp-json\/wp\/v2\/product_tag?post=16716"}],"curies":[{"name":"wp","href":"https:\/\/api.w.org\/{rel}","templated":true}]}}