{"id":16684,"date":"2024-04-25T12:25:10","date_gmt":"2024-04-25T11:25:10","guid":{"rendered":"https:\/\/www.preciosboom.com\/?post_type=product&#038;p=16684"},"modified":"2024-09-29T09:07:33","modified_gmt":"2024-09-29T08:07:33","slug":"manguitos-flotador-infantil-jirafa","status":"publish","type":"product","link":"https:\/\/www.preciosboom.com\/ca\/product\/manguitos-flotador-infantil-jirafa\/","title":{"rendered":"Manguitos Flotador Infantil Jirafa para nadar nataci\u00f3n manguitos ni\u00f1os"},"content":{"rendered":"<p>Manguitos Flotador Infantil Jirafa para nadar nataci\u00f3n<\/p>\n<p>Medidas: 22 x 20 cm.<\/p>\n<p>Edad recomendada: 3 a 6 a\u00f1os.<\/p>\n<p>Precio por 1 blister (2 manguitos).<\/p>","protected":false},"excerpt":{"rendered":"<p>Manguitos Flotador Infantil Jirafa para nadar nataci\u00f3n<\/p>\n<p>Medidas: 22 x 20 cm.<\/p>\n<p>Edad recomendada: 3 a 6 a\u00f1os.<\/p>\n<p>Precio por 1 blister (2 manguitos).<\/p>","protected":false},"featured_media":16685,"comment_status":"closed","ping_status":"closed","template":"","meta":{"_joinchat":[]},"product_brand":[],"product_cat":[230,113],"product_tag":[],"class_list":{"0":"post-16684","1":"product","2":"type-product","3":"status-publish","4":"has-post-thumbnail","6":"product_cat-flotadores","7":"product_cat-verano_playa","9":"first","10":"instock","11":"shipping-taxable","12":"purchasable","13":"product-type-simple"},"_links":{"self":[{"href":"https:\/\/www.preciosboom.com\/ca\/wp-json\/wp\/v2\/product\/16684"}],"collection":[{"href":"https:\/\/www.preciosboom.com\/ca\/wp-json\/wp\/v2\/product"}],"about":[{"href":"https:\/\/www.preciosboom.com\/ca\/wp-json\/wp\/v2\/types\/product"}],"replies":[{"embeddable":true,"href":"https:\/\/www.preciosboom.com\/ca\/wp-json\/wp\/v2\/comments?post=16684"}],"wp:featuredmedia":[{"embeddable":true,"href":"https:\/\/www.preciosboom.com\/ca\/wp-json\/wp\/v2\/media\/16685"}],"wp:attachment":[{"href":"https:\/\/www.preciosboom.com\/ca\/wp-json\/wp\/v2\/media?parent=16684"}],"wp:term":[{"taxonomy":"product_brand","embeddable":true,"href":"https:\/\/www.preciosboom.com\/ca\/wp-json\/wp\/v2\/product_brand?post=16684"},{"taxonomy":"product_cat","embeddable":true,"href":"https:\/\/www.preciosboom.com\/ca\/wp-json\/wp\/v2\/product_cat?post=16684"},{"taxonomy":"product_tag","embeddable":true,"href":"https:\/\/www.preciosboom.com\/ca\/wp-json\/wp\/v2\/product_tag?post=16684"}],"curies":[{"name":"wp","href":"https:\/\/api.w.org\/{rel}","templated":true}]}}