{"id":16681,"date":"2024-04-24T09:51:36","date_gmt":"2024-04-24T08:51:36","guid":{"rendered":"https:\/\/www.preciosboom.com\/?post_type=product&#038;p=16681"},"modified":"2024-09-29T09:08:53","modified_gmt":"2024-09-29T08:08:53","slug":"flotador-circular-pvc-estampados-hinchable-50-cm","status":"publish","type":"product","link":"https:\/\/www.preciosboom.com\/ca\/product\/flotador-circular-pvc-estampados-hinchable-50-cm\/","title":{"rendered":"FLOTADOR CIRCULAR NI\u00d1OS PVC ESTAMPADOS HINCHABLE 50 CM RUEDA NI\u00d1OS"},"content":{"rendered":"<p>FLOTADOR CIRCULAR NI\u00d1OS PVC ESTAMPADOS HINCHABLE 50 CM<\/p>\n<p>Medida: 50 cm.<\/p>\n<p>Presentaci\u00f3n bl\u00edster. Se manda sin hinchar.<\/p>\n<p>Edad recomendada 3 a 5 a\u00f1os.<\/p>\n<p>Precio por unidad.<\/p>\n<p>&nbsp;<\/p>","protected":false},"excerpt":{"rendered":"<p>FLOTADOR CIRCULAR NI\u00d1OS PVC ESTAMPADOS HINCHABLE 50 CM<\/p>\n<p>Medida: 50 cm.<\/p>\n<p>Presentaci\u00f3n bl\u00edster. Se manda sin hinchar.<\/p>\n<p>Edad recomendada 3 a 5 a\u00f1os.<\/p>\n<p>Precio por unidad.<\/p>\n<p>&nbsp;<\/p>","protected":false},"featured_media":16682,"comment_status":"closed","ping_status":"closed","template":"","meta":{"_joinchat":[]},"product_brand":[],"product_cat":[230,113],"product_tag":[],"class_list":{"0":"post-16681","1":"product","2":"type-product","3":"status-publish","4":"has-post-thumbnail","6":"product_cat-flotadores","7":"product_cat-verano_playa","9":"first","10":"instock","11":"shipping-taxable","12":"purchasable","13":"product-type-simple"},"_links":{"self":[{"href":"https:\/\/www.preciosboom.com\/ca\/wp-json\/wp\/v2\/product\/16681"}],"collection":[{"href":"https:\/\/www.preciosboom.com\/ca\/wp-json\/wp\/v2\/product"}],"about":[{"href":"https:\/\/www.preciosboom.com\/ca\/wp-json\/wp\/v2\/types\/product"}],"replies":[{"embeddable":true,"href":"https:\/\/www.preciosboom.com\/ca\/wp-json\/wp\/v2\/comments?post=16681"}],"wp:featuredmedia":[{"embeddable":true,"href":"https:\/\/www.preciosboom.com\/ca\/wp-json\/wp\/v2\/media\/16682"}],"wp:attachment":[{"href":"https:\/\/www.preciosboom.com\/ca\/wp-json\/wp\/v2\/media?parent=16681"}],"wp:term":[{"taxonomy":"product_brand","embeddable":true,"href":"https:\/\/www.preciosboom.com\/ca\/wp-json\/wp\/v2\/product_brand?post=16681"},{"taxonomy":"product_cat","embeddable":true,"href":"https:\/\/www.preciosboom.com\/ca\/wp-json\/wp\/v2\/product_cat?post=16681"},{"taxonomy":"product_tag","embeddable":true,"href":"https:\/\/www.preciosboom.com\/ca\/wp-json\/wp\/v2\/product_tag?post=16681"}],"curies":[{"name":"wp","href":"https:\/\/api.w.org\/{rel}","templated":true}]}}