{"id":15863,"date":"2023-08-06T16:01:34","date_gmt":"2023-08-06T15:01:34","guid":{"rendered":"https:\/\/preciosboom.com\/?post_type=product&#038;p=15863"},"modified":"2025-03-20T13:14:06","modified_gmt":"2025-03-20T12:14:06","slug":"juego-buceo-para-ninos","status":"publish","type":"product","link":"https:\/\/www.preciosboom.com\/ca\/product\/juego-buceo-para-ninos\/","title":{"rendered":"1 Juego buceo para ni\u00f1os algas plantas marinas, juguete nataci\u00f3n"},"content":{"rendered":"<p>Juego buceo para ni\u00f1os algas plantas marinas, juguete nataci\u00f3n<\/p>\n<p>Ideal para lanzarlo e irlo a buscar nadando y buceando .<\/p>\n<p>Juguete para piscina .<\/p>\n<h2>\u00a0Juego buceo para ni\u00f1os algas plantas marinas, juguete nataci\u00f3n. Bucea, atrapa, divierte.<\/h2>\n<p>El set consta de 3 unidades son 3 plantas marinas estilo algas .<\/p>\n<p><a href=\"https:\/\/www.preciosboom.com\/ca\/product\/juego-buceo-algas-plantas-marinas-para-ninos-juguete-natacion\/\">Juego buceo algas plantas marinas para ni\u00f1os , juguete nataci\u00f3n<\/a><\/p>","protected":false},"excerpt":{"rendered":"<h2>Juego buceo para ni\u00f1os algas plantas marinas, juguete nataci\u00f3n<\/h2>\n<p><a href=\"http:\/\/1 Juego buceo para ni\u00f1os algas plantas marinas, juguete nataci\u00f3n\">http:\/\/1 Juego buceo para ni\u00f1os algas plantas marinas, juguete nataci\u00f3n<\/a><\/p>","protected":false},"featured_media":15864,"comment_status":"open","ping_status":"closed","template":"","meta":{"_joinchat":[]},"product_brand":[],"product_cat":[232,113],"product_tag":[],"class_list":{"0":"post-15863","1":"product","2":"type-product","3":"status-publish","4":"has-post-thumbnail","6":"product_cat-juguetes","7":"product_cat-verano_playa","9":"first","10":"instock","11":"shipping-taxable","12":"purchasable","13":"product-type-simple"},"_links":{"self":[{"href":"https:\/\/www.preciosboom.com\/ca\/wp-json\/wp\/v2\/product\/15863"}],"collection":[{"href":"https:\/\/www.preciosboom.com\/ca\/wp-json\/wp\/v2\/product"}],"about":[{"href":"https:\/\/www.preciosboom.com\/ca\/wp-json\/wp\/v2\/types\/product"}],"replies":[{"embeddable":true,"href":"https:\/\/www.preciosboom.com\/ca\/wp-json\/wp\/v2\/comments?post=15863"}],"wp:featuredmedia":[{"embeddable":true,"href":"https:\/\/www.preciosboom.com\/ca\/wp-json\/wp\/v2\/media\/15864"}],"wp:attachment":[{"href":"https:\/\/www.preciosboom.com\/ca\/wp-json\/wp\/v2\/media?parent=15863"}],"wp:term":[{"taxonomy":"product_brand","embeddable":true,"href":"https:\/\/www.preciosboom.com\/ca\/wp-json\/wp\/v2\/product_brand?post=15863"},{"taxonomy":"product_cat","embeddable":true,"href":"https:\/\/www.preciosboom.com\/ca\/wp-json\/wp\/v2\/product_cat?post=15863"},{"taxonomy":"product_tag","embeddable":true,"href":"https:\/\/www.preciosboom.com\/ca\/wp-json\/wp\/v2\/product_tag?post=15863"}],"curies":[{"name":"wp","href":"https:\/\/api.w.org\/{rel}","templated":true}]}}