{"id":15431,"date":"2023-04-16T11:16:35","date_gmt":"2023-04-16T10:16:35","guid":{"rendered":"https:\/\/preciosboom.com\/?post_type=product&#038;p=15431"},"modified":"2026-04-27T13:43:00","modified_gmt":"2026-04-27T12:43:00","slug":"colchoneta-hinchable-playa-azul","status":"publish","type":"product","link":"https:\/\/www.preciosboom.com\/ca\/product\/colchoneta-hinchable-playa-azul\/","title":{"rendered":"Colchoneta hinchable playa azul colchoneta azul playa 188 cent\u00edmetros colch\u00f3n econ\u00f3mico playa colchonetas econ\u00f3micas baratas , colchoneta hinchable piscina."},"content":{"rendered":"<h1>Colchoneta hinchable playa azul colchoneta azul playa 188 cent\u00edmetros colch\u00f3n econ\u00f3mico playa colchonetas econ\u00f3micas baratas , colchoneta hinchable piscina.<\/h1>\n<p><span class=\"a-list-item\">Elegante colchoneta hinchable en color azul para pasar largos ratos flotando en el mar o en la piscina mientras te relaja. <\/span><\/p>\n<p>F\u00e1cil de transportar y plegar.<\/p>\n<p>Colchoneta azul playa , colchoneta hinchable playa , colchoneta hinchable piscina.<\/p>\n<p>Colchonetas econ\u00f3micas baratas .<\/p>\n<p>Medidas aproximadas 188&#215;69 cms , ideal para una persona sola , fabricado con vinilo resistente.<\/p>\n<p>No es apropiado para menores de 3 a\u00f1os.<\/p>\n<p><span class=\"a-list-item\">Puedes sentarte o tumbarte a tomar el sol mientras flotas <\/span><\/p>\n<p>Peso 500 gramos.<\/p>\n<p><span class=\"a-list-item\">F\u00e1cil de usar: la cama flotante inflable es f\u00e1cil de inflar. Cuando la use, simplemente llene la cama flotante y la almohada con aire y cierre r\u00e1pidamente el tap\u00f3n de sellado (la almohada no se puede quitar).Toda la cama flotante es firme y hermosa. c\u00f3modo y duradero, y se puede reutilizar. Se pliega cuando est\u00e1 desinflado para un f\u00e1cil almacenamiento, port\u00e1til, f\u00e1cil de limpiar, resistente al desgarro y ligero. <\/span><\/p>\n<p><span class=\"a-list-item\">\u00a0<\/span><\/p>\n<p>&nbsp;<\/p>\n<p>&nbsp;<\/p>","protected":false},"excerpt":{"rendered":"<h2>Colchoneta hinchable playa azul colchoneta azul playa 188 cent\u00edmetros colch\u00f3n econ\u00f3mico playa colchonetas econ\u00f3micas baratas , colchoneta hinchable piscina.<\/h2>\n<p><a href=\"http:\/\/Colchoneta hinchable playa azul\">http:\/\/Colchoneta hinchable playa azul<\/a><\/p>\n<p><a href=\"https:\/\/preciosboom.com\/wp-content\/uploads\/2023\/04\/9600.jpg\">https:\/\/preciosboom.com\/wp-content\/uploads\/2023\/04\/9600.jpg<\/a><\/p>\n<p>&nbsp;<\/p>","protected":false},"featured_media":15432,"comment_status":"open","ping_status":"closed","template":"","meta":{"_joinchat":[]},"product_brand":[],"product_cat":[227,113],"product_tag":[],"class_list":{"0":"post-15431","1":"product","2":"type-product","3":"status-publish","4":"has-post-thumbnail","6":"product_cat-colchoneta_hinchable","7":"product_cat-verano_playa","9":"first","10":"instock","11":"shipping-taxable","12":"purchasable","13":"product-type-simple"},"_links":{"self":[{"href":"https:\/\/www.preciosboom.com\/ca\/wp-json\/wp\/v2\/product\/15431"}],"collection":[{"href":"https:\/\/www.preciosboom.com\/ca\/wp-json\/wp\/v2\/product"}],"about":[{"href":"https:\/\/www.preciosboom.com\/ca\/wp-json\/wp\/v2\/types\/product"}],"replies":[{"embeddable":true,"href":"https:\/\/www.preciosboom.com\/ca\/wp-json\/wp\/v2\/comments?post=15431"}],"wp:featuredmedia":[{"embeddable":true,"href":"https:\/\/www.preciosboom.com\/ca\/wp-json\/wp\/v2\/media\/15432"}],"wp:attachment":[{"href":"https:\/\/www.preciosboom.com\/ca\/wp-json\/wp\/v2\/media?parent=15431"}],"wp:term":[{"taxonomy":"product_brand","embeddable":true,"href":"https:\/\/www.preciosboom.com\/ca\/wp-json\/wp\/v2\/product_brand?post=15431"},{"taxonomy":"product_cat","embeddable":true,"href":"https:\/\/www.preciosboom.com\/ca\/wp-json\/wp\/v2\/product_cat?post=15431"},{"taxonomy":"product_tag","embeddable":true,"href":"https:\/\/www.preciosboom.com\/ca\/wp-json\/wp\/v2\/product_tag?post=15431"}],"curies":[{"name":"wp","href":"https:\/\/api.w.org\/{rel}","templated":true}]}}