{"id":15364,"date":"2023-04-04T22:27:31","date_gmt":"2023-04-04T21:27:31","guid":{"rendered":"https:\/\/preciosboom.com\/?post_type=product&#038;p=15364"},"modified":"2026-02-05T13:12:38","modified_gmt":"2026-02-05T12:12:38","slug":"flotador-hinchable-circular-azul","status":"publish","type":"product","link":"https:\/\/www.preciosboom.com\/ca\/product\/flotador-hinchable-circular-azul\/","title":{"rendered":"Flotador hinchable circular azul playa 76 centimetros"},"content":{"rendered":"<h1>Flotador hinchable circular azul playa 76 centimetros<\/h1>\n<p><span class=\"a-list-item\">Este flotador est\u00e1 indicado para ni\u00f1os de m\u00e1s de 10 a\u00f1os<\/span>.<\/p>\n<p><span class=\"a-list-item\">Est\u00e1 fabricado con vinilo resistente probado.<\/span><\/p>\n<p><span class=\"a-list-item\">Di\u00e1metro 76 cm indicado para un ni\u00f1o o adulto ya que soporta hasta 90 kg de peso.<\/span><\/p>\n<p><span class=\"a-list-item\">Se infla y desinfla de forma sencilla para llevarlo a tus excursiones al mar o a la piscina. <\/span><\/p>\n<p>Peso 250 gramos , embalado en bolsa con dibujo.<\/p>\n<p>V\u00e1lvula de seguridad para inflado y desinflado r\u00e1pido .<\/p>","protected":false},"excerpt":{"rendered":"<h2>Flotador hinchable circular azul playa 76 cent\u00edmetros<\/h2>\n<p><a href=\"http:\/\/Flotador hinchable circular azul\">http:\/\/Flotador hinchable circular azul<\/a><\/p>\n<p><a href=\"https:\/\/preciosboom.com\/wp-content\/uploads\/2023\/04\/9522-1.jpg\">https:\/\/preciosboom.com\/wp-content\/uploads\/2023\/04\/9522-1.jpg<\/a><\/p>\n<p>&nbsp;<\/p>","protected":false},"featured_media":15380,"comment_status":"open","ping_status":"closed","template":"","meta":{"_joinchat":[]},"product_brand":[],"product_cat":[230,113],"product_tag":[],"class_list":{"0":"post-15364","1":"product","2":"type-product","3":"status-publish","4":"has-post-thumbnail","6":"product_cat-flotadores","7":"product_cat-verano_playa","9":"first","10":"instock","11":"shipping-taxable","12":"purchasable","13":"product-type-simple"},"_links":{"self":[{"href":"https:\/\/www.preciosboom.com\/ca\/wp-json\/wp\/v2\/product\/15364"}],"collection":[{"href":"https:\/\/www.preciosboom.com\/ca\/wp-json\/wp\/v2\/product"}],"about":[{"href":"https:\/\/www.preciosboom.com\/ca\/wp-json\/wp\/v2\/types\/product"}],"replies":[{"embeddable":true,"href":"https:\/\/www.preciosboom.com\/ca\/wp-json\/wp\/v2\/comments?post=15364"}],"wp:featuredmedia":[{"embeddable":true,"href":"https:\/\/www.preciosboom.com\/ca\/wp-json\/wp\/v2\/media\/15380"}],"wp:attachment":[{"href":"https:\/\/www.preciosboom.com\/ca\/wp-json\/wp\/v2\/media?parent=15364"}],"wp:term":[{"taxonomy":"product_brand","embeddable":true,"href":"https:\/\/www.preciosboom.com\/ca\/wp-json\/wp\/v2\/product_brand?post=15364"},{"taxonomy":"product_cat","embeddable":true,"href":"https:\/\/www.preciosboom.com\/ca\/wp-json\/wp\/v2\/product_cat?post=15364"},{"taxonomy":"product_tag","embeddable":true,"href":"https:\/\/www.preciosboom.com\/ca\/wp-json\/wp\/v2\/product_tag?post=15364"}],"curies":[{"name":"wp","href":"https:\/\/api.w.org\/{rel}","templated":true}]}}