{"id":15233,"date":"2023-03-05T12:18:26","date_gmt":"2023-03-05T11:18:26","guid":{"rendered":"https:\/\/preciosboom.com\/?post_type=product&#038;p=15233"},"modified":"2026-03-18T20:49:57","modified_gmt":"2026-03-18T19:49:57","slug":"pelota-balon-estrellas-22-cms-plastico-pvc","status":"publish","type":"product","link":"https:\/\/www.preciosboom.com\/ca\/product\/pelota-balon-estrellas-22-cms-plastico-pvc\/","title":{"rendered":"Pelota bal\u00f3n estrellas 22 cms pl\u00e1stico PVC"},"content":{"rendered":"<h1>Pelota bal\u00f3n estrellas 22 cms pl\u00e1stico PVC<\/h1>\n<p>Pelota ideal para jugar, multitud de usos, ideal para playa, piscina, verano, aire libre<\/p>\n<p>Material PVC, se env\u00edan deshinchadas , di\u00e1metro 22 cms.<\/p>\n<p><span class=\"a-list-item\">Materiales de alta calidad: fabricado con materiales de PVC duraderos que se recuperan del impacto. F\u00e1cil de inflable y deflaci\u00f3n de aire .<br \/>\n<\/span><\/p>\n<p>Peso aproximado 300 gramos.<\/p>\n<p>Recomendado para ni\u00f1os a partir de 3 a\u00f1os.<\/p>\n<p>Colores surtidos<\/p>","protected":false},"excerpt":{"rendered":"<h2>Pelota bal\u00f3n estrellas 22 cms pl\u00e1stico PVC<\/h2>\n<p><a href=\"http:\/\/Pelota bal\u00f3n estrellas\">http:\/\/Pelota bal\u00f3n estrellas<\/a><\/p>\n<p><a href=\"https:\/\/preciosboom.com\/wp-content\/uploads\/2023\/03\/1316.jpg\">https:\/\/preciosboom.com\/wp-content\/uploads\/2023\/03\/1316.jpg<\/a><\/p>","protected":false},"featured_media":15234,"comment_status":"open","ping_status":"closed","template":"","meta":{"_joinchat":[]},"product_brand":[],"product_cat":[213,232,113],"product_tag":[],"class_list":{"0":"post-15233","1":"product","2":"type-product","3":"status-publish","4":"has-post-thumbnail","6":"product_cat-balones_playa","7":"product_cat-juguetes","8":"product_cat-verano_playa","10":"first","11":"instock","12":"shipping-taxable","13":"purchasable","14":"product-type-simple"},"_links":{"self":[{"href":"https:\/\/www.preciosboom.com\/ca\/wp-json\/wp\/v2\/product\/15233"}],"collection":[{"href":"https:\/\/www.preciosboom.com\/ca\/wp-json\/wp\/v2\/product"}],"about":[{"href":"https:\/\/www.preciosboom.com\/ca\/wp-json\/wp\/v2\/types\/product"}],"replies":[{"embeddable":true,"href":"https:\/\/www.preciosboom.com\/ca\/wp-json\/wp\/v2\/comments?post=15233"}],"wp:featuredmedia":[{"embeddable":true,"href":"https:\/\/www.preciosboom.com\/ca\/wp-json\/wp\/v2\/media\/15234"}],"wp:attachment":[{"href":"https:\/\/www.preciosboom.com\/ca\/wp-json\/wp\/v2\/media?parent=15233"}],"wp:term":[{"taxonomy":"product_brand","embeddable":true,"href":"https:\/\/www.preciosboom.com\/ca\/wp-json\/wp\/v2\/product_brand?post=15233"},{"taxonomy":"product_cat","embeddable":true,"href":"https:\/\/www.preciosboom.com\/ca\/wp-json\/wp\/v2\/product_cat?post=15233"},{"taxonomy":"product_tag","embeddable":true,"href":"https:\/\/www.preciosboom.com\/ca\/wp-json\/wp\/v2\/product_tag?post=15233"}],"curies":[{"name":"wp","href":"https:\/\/api.w.org\/{rel}","templated":true}]}}