{"id":15146,"date":"2023-02-10T19:50:56","date_gmt":"2023-02-10T18:50:56","guid":{"rendered":"https:\/\/preciosboom.com\/?post_type=product&#038;p=15146"},"modified":"2025-11-09T14:14:25","modified_gmt":"2025-11-09T13:14:25","slug":"tiras-luces-led-para-habitacion","status":"publish","type":"product","link":"https:\/\/www.preciosboom.com\/ca\/product\/tiras-luces-led-para-habitacion\/","title":{"rendered":"Tiras luces led para habitaci\u00f3n 15 metros, tira de luces led de colores , tiras luces led para habitaci\u00f3n."},"content":{"rendered":"<p>Tiras luces led para habitaci\u00f3n 15 metros, Tiras led 15 metros con aplicaci\u00f3n , mando a distancia y m\u00fasica .<\/p>\n<p>Tiras luces led ideal decoraci\u00f3n y iluminaci\u00f3n , luces led colores.<\/p>\n<p>Las tiras de luces led se pueden cortar.<\/p>\n<p>Tiras luces led para habitaci\u00f3n y cualquier lugar de la casa o negocio , Luces habitaci\u00f3n gamer.<\/p>\n<p>RGB led strip light 5050 , 18 piezas.<\/p>\n<p>Con control desde el m\u00f3vil con aplicaci\u00f3n.<\/p>\n<p>F\u00e1cil de montar y usar .<\/p>","protected":false},"excerpt":{"rendered":"<h2>Tiras luces led para habitaci\u00f3n 15 metros, tira de luces led de colores , tiras luces led para habitaci\u00f3n.<\/h2>\n<p><a href=\"http:\/\/Tiras luces led para habitaci\u00f3n\">http:\/\/Tiras luces led para habitaci\u00f3n<\/a><\/p>\n<p><a href=\"https:\/\/preciosboom.com\/wp-content\/uploads\/2023\/02\/15M1.jpg\">https:\/\/preciosboom.com\/wp-content\/uploads\/2023\/02\/15M1.jpg<\/a><\/p>","protected":false},"featured_media":15147,"comment_status":"open","ping_status":"closed","template":"","meta":{"_joinchat":[]},"product_brand":[],"product_cat":[15,108],"product_tag":[],"class_list":{"0":"post-15146","1":"product","2":"type-product","3":"status-publish","4":"has-post-thumbnail","6":"product_cat-varios","7":"product_cat-electronica_informatica","9":"first","10":"instock","11":"shipping-taxable","12":"purchasable","13":"product-type-simple"},"_links":{"self":[{"href":"https:\/\/www.preciosboom.com\/ca\/wp-json\/wp\/v2\/product\/15146"}],"collection":[{"href":"https:\/\/www.preciosboom.com\/ca\/wp-json\/wp\/v2\/product"}],"about":[{"href":"https:\/\/www.preciosboom.com\/ca\/wp-json\/wp\/v2\/types\/product"}],"replies":[{"embeddable":true,"href":"https:\/\/www.preciosboom.com\/ca\/wp-json\/wp\/v2\/comments?post=15146"}],"wp:featuredmedia":[{"embeddable":true,"href":"https:\/\/www.preciosboom.com\/ca\/wp-json\/wp\/v2\/media\/15147"}],"wp:attachment":[{"href":"https:\/\/www.preciosboom.com\/ca\/wp-json\/wp\/v2\/media?parent=15146"}],"wp:term":[{"taxonomy":"product_brand","embeddable":true,"href":"https:\/\/www.preciosboom.com\/ca\/wp-json\/wp\/v2\/product_brand?post=15146"},{"taxonomy":"product_cat","embeddable":true,"href":"https:\/\/www.preciosboom.com\/ca\/wp-json\/wp\/v2\/product_cat?post=15146"},{"taxonomy":"product_tag","embeddable":true,"href":"https:\/\/www.preciosboom.com\/ca\/wp-json\/wp\/v2\/product_tag?post=15146"}],"curies":[{"name":"wp","href":"https:\/\/api.w.org\/{rel}","templated":true}]}}