{"id":14854,"date":"2022-11-18T18:52:33","date_gmt":"2022-11-18T17:52:33","guid":{"rendered":"https:\/\/preciosboom.com\/?post_type=product&#038;p=14854"},"modified":"2025-08-19T19:44:11","modified_gmt":"2025-08-19T18:44:11","slug":"llavero-juego-del-calamar-2","status":"publish","type":"product","link":"https:\/\/www.preciosboom.com\/ca\/product\/llavero-juego-del-calamar-2\/","title":{"rendered":"Llavero juego del Calamar 1 unidad"},"content":{"rendered":"<ul>\n<li><span class=\"a-list-item\"> Llaveros del juego de calamar , serie de gran \u00e9xito en TV. F\u00e1cil de usar: el colgante del llavero se puede abrochar f\u00e1cilmente en la llave, bolso, mochila, cartera\u2026<br \/>\n<\/span><\/li>\n<li>Al llevar un colgante , se puede colgar de diversas maneras , colgante muy bonito a juego con la serie el juego del calamar<\/li>\n<li><span class=\"a-list-item\"> Materiales de buena calidad : Hecho con materiales de silicona antial\u00e9rgicos de alta calidad, el colgante es resistente y duradero. <\/span><\/li>\n<li><span class=\"a-list-item\">Medidas mu\u00f1eco aprox 6x4x3cm. Largo total llavero 20cm <\/span><\/li>\n<li><span class=\"a-list-item\">Recuerdo de la serie el juego de calamar <\/span><\/li>\n<\/ul>","protected":false},"excerpt":{"rendered":"<h2>Llavero juego del Calamar<\/h2>\n<p><a href=\"http:\/\/Llavero juego del Calamar\">http:\/\/Llavero juego del Calamar<\/a><\/p>\n<p><a href=\"https:\/\/preciosboom.com\/wp-content\/uploads\/2022\/11\/1352.jpg\">https:\/\/preciosboom.com\/wp-content\/uploads\/2022\/11\/1352.jpg<\/a><\/p>","protected":false},"featured_media":14855,"comment_status":"open","ping_status":"closed","template":"","meta":{"_joinchat":[]},"product_brand":[],"product_cat":[15,216,232,109],"product_tag":[],"class_list":{"0":"post-14854","1":"product","2":"type-product","3":"status-publish","4":"has-post-thumbnail","6":"product_cat-varios","7":"product_cat-juegos-verano_playa","8":"product_cat-juguetes","9":"product_cat-ropa_chanclas","11":"first","12":"instock","13":"shipping-taxable","14":"purchasable","15":"product-type-simple"},"_links":{"self":[{"href":"https:\/\/www.preciosboom.com\/ca\/wp-json\/wp\/v2\/product\/14854"}],"collection":[{"href":"https:\/\/www.preciosboom.com\/ca\/wp-json\/wp\/v2\/product"}],"about":[{"href":"https:\/\/www.preciosboom.com\/ca\/wp-json\/wp\/v2\/types\/product"}],"replies":[{"embeddable":true,"href":"https:\/\/www.preciosboom.com\/ca\/wp-json\/wp\/v2\/comments?post=14854"}],"wp:featuredmedia":[{"embeddable":true,"href":"https:\/\/www.preciosboom.com\/ca\/wp-json\/wp\/v2\/media\/14855"}],"wp:attachment":[{"href":"https:\/\/www.preciosboom.com\/ca\/wp-json\/wp\/v2\/media?parent=14854"}],"wp:term":[{"taxonomy":"product_brand","embeddable":true,"href":"https:\/\/www.preciosboom.com\/ca\/wp-json\/wp\/v2\/product_brand?post=14854"},{"taxonomy":"product_cat","embeddable":true,"href":"https:\/\/www.preciosboom.com\/ca\/wp-json\/wp\/v2\/product_cat?post=14854"},{"taxonomy":"product_tag","embeddable":true,"href":"https:\/\/www.preciosboom.com\/ca\/wp-json\/wp\/v2\/product_tag?post=14854"}],"curies":[{"name":"wp","href":"https:\/\/api.w.org\/{rel}","templated":true}]}}