{"id":14613,"date":"2022-10-28T17:11:09","date_gmt":"2022-10-28T16:11:09","guid":{"rendered":"https:\/\/preciosboom.com\/?post_type=product&#038;p=14613"},"modified":"2026-05-10T19:36:47","modified_gmt":"2026-05-10T18:36:47","slug":"balon-voley-16","status":"publish","type":"product","link":"https:\/\/www.preciosboom.com\/ca\/product\/balon-voley-16\/","title":{"rendered":"Bal\u00f3n V\u00f3ley 16 cms pl\u00e1stico Beach Voleibol. Pelota V\u00f3ley"},"content":{"rendered":"<p>Bal\u00f3n V\u00f3ley 16 cms pl\u00e1stico Beach Voleibol. Pelota V\u00f3ley<\/p>\n<p>Bal\u00f3n de pl\u00e1stico , multicolor .<\/p>\n<p>Ideal para la playa , piscina .<\/p>\n<p>Se entrega deshinchado y dentro de una red.<\/p>\n<p>Ball beach Volley.<\/p>","protected":false},"excerpt":{"rendered":"<h2>Bal\u00f3n V\u00f3ley 16 cms pl\u00e1stico Beach Voleibol. Pelota V\u00f3ley<\/h2>\n<p>Bal\u00f3n de pl\u00e1stico , multicolor .<\/p>\n<p>Ideal para la playa , piscina .<\/p>\n<p>Se entrega deshinchado y dentro de una red.<\/p>\n<p>Ball beach Volley.<\/p>\n<p><a href=\"http:\/\/Bal\u00f3n V\u00f3ley 16\">http:\/\/Bal\u00f3n V\u00f3ley 16<\/a><\/p>\n<p><a href=\"https:\/\/preciosboom.com\/wp-content\/uploads\/2020\/07\/1312-2.jpg\">https:\/\/preciosboom.com\/wp-content\/uploads\/2020\/07\/1312-2.jpg<\/a><\/p>","protected":false},"featured_media":11471,"comment_status":"open","ping_status":"closed","template":"","meta":{"_joinchat":[]},"product_brand":[],"product_cat":[213,113],"product_tag":[],"class_list":{"0":"post-14613","1":"product","2":"type-product","3":"status-publish","4":"has-post-thumbnail","6":"product_cat-balones_playa","7":"product_cat-verano_playa","9":"first","10":"outofstock","11":"shipping-taxable","12":"purchasable","13":"product-type-simple"},"_links":{"self":[{"href":"https:\/\/www.preciosboom.com\/ca\/wp-json\/wp\/v2\/product\/14613"}],"collection":[{"href":"https:\/\/www.preciosboom.com\/ca\/wp-json\/wp\/v2\/product"}],"about":[{"href":"https:\/\/www.preciosboom.com\/ca\/wp-json\/wp\/v2\/types\/product"}],"replies":[{"embeddable":true,"href":"https:\/\/www.preciosboom.com\/ca\/wp-json\/wp\/v2\/comments?post=14613"}],"wp:featuredmedia":[{"embeddable":true,"href":"https:\/\/www.preciosboom.com\/ca\/wp-json\/wp\/v2\/media\/11471"}],"wp:attachment":[{"href":"https:\/\/www.preciosboom.com\/ca\/wp-json\/wp\/v2\/media?parent=14613"}],"wp:term":[{"taxonomy":"product_brand","embeddable":true,"href":"https:\/\/www.preciosboom.com\/ca\/wp-json\/wp\/v2\/product_brand?post=14613"},{"taxonomy":"product_cat","embeddable":true,"href":"https:\/\/www.preciosboom.com\/ca\/wp-json\/wp\/v2\/product_cat?post=14613"},{"taxonomy":"product_tag","embeddable":true,"href":"https:\/\/www.preciosboom.com\/ca\/wp-json\/wp\/v2\/product_tag?post=14613"}],"curies":[{"name":"wp","href":"https:\/\/api.w.org\/{rel}","templated":true}]}}