{"id":13072,"date":"2021-12-17T12:01:52","date_gmt":"2021-12-17T11:01:52","guid":{"rendered":"https:\/\/preciosboom.com\/?post_type=product&#038;p=13072"},"modified":"2025-04-28T10:32:29","modified_gmt":"2025-04-28T09:32:29","slug":"barra-con-discos-25-kg","status":"publish","type":"product","link":"https:\/\/www.preciosboom.com\/ca\/product\/barra-con-discos-25-kg\/","title":{"rendered":"BARRA CON DISCOS 25 KG &#8211; MANCUERNAS AJUSTABLES"},"content":{"rendered":"<h1>BARRA CON DISCOS 25 KG &#8211; MANCUERNAS AJUSTABLES<\/h1>\n<p>Joc de peses ajustables. Disseny 3 en 1.<\/p>\n<p>Gr\u00e0cies a la seva barra, la podr\u00e0 ajustar tant al pes que vost\u00e8 desitgi i aix\u00ed, anar poc a poc, pujant el pes. I, al tenir la tercera barra, que seria un tub de connexi\u00f3, podr\u00e0 passar f\u00e0cilment de dues manuelles a una barra amb peses.<\/p>\n<p>Estan realitzades amb ferro fos, per lo que s\u00f3n molt resistents i proporcionen durabilitat de per vida.<\/p>\n<p>El nostre pack cont\u00e9:<\/p>\n<ul>\n<li>3 barres: 1 kg cada una<\/li>\n<li>4 discos de 0,50 kg<\/li>\n<li>8 discos de 1,25 kg.<\/li>\n<li>4 discos de 2,5 kg<\/li>\n<li>4 estrelles de seguretat<\/li>\n<li>4 cargols i una clau<\/li>\n<\/ul>","protected":false},"excerpt":{"rendered":"<h2>BARRA CON DISCOS 25 KG &#8211; MANCUERNAS AJUSTABLES<\/h2>\n<p>Joc de peses ajustables. Disseny 3 en 1.<\/p>\n<p>Gr\u00e0cies a la seva barra, la podr\u00e0 ajustar tant al pes que vost\u00e8 desitgi i aix\u00ed, anar poc a poc, pujant el pes. I, al tenir la tercera barra, que seria un tub de connexi\u00f3, podr\u00e0 passar f\u00e0cilment de dues manuelles a una barra amb peses.<\/p>\n<p>Estan realitzades amb ferro fos, per lo que s\u00f3n molt resistents i proporcionen durabilitat de per vida.<\/p>\n<p>El nostre pack cont\u00e9:<\/p>\n<ul>\n<li>3 barres: 1 kg cada una<\/li>\n<li>4 discos de 0,50 kg<\/li>\n<li>8 discos de 1,25 kg.<\/li>\n<li>4 discos de 2,5 kg<\/li>\n<li>4 estrelles de seguretat<\/li>\n<li>4 cargols i una clau<\/li>\n<\/ul>\n<p><a href=\"https:\/\/preciosboom.com\/wp-content\/uploads\/2021\/12\/9258-25-5.png\">https:\/\/preciosboom.com\/wp-content\/uploads\/2021\/12\/9258-25-5.png<\/a><\/p>\n<p><a href=\"http:\/\/BARRA CON DISCOS 25 KG\">http:\/\/BARRA CON DISCOS 25 KG<\/a><\/p>","protected":false},"featured_media":13073,"comment_status":"open","ping_status":"closed","template":"","meta":{"_joinchat":[]},"product_brand":[],"product_cat":[110],"product_tag":[],"class_list":{"0":"post-13072","1":"product","2":"type-product","3":"status-publish","4":"has-post-thumbnail","6":"product_cat-deporte","8":"first","9":"instock","10":"shipping-taxable","11":"purchasable","12":"product-type-simple"},"_links":{"self":[{"href":"https:\/\/www.preciosboom.com\/ca\/wp-json\/wp\/v2\/product\/13072"}],"collection":[{"href":"https:\/\/www.preciosboom.com\/ca\/wp-json\/wp\/v2\/product"}],"about":[{"href":"https:\/\/www.preciosboom.com\/ca\/wp-json\/wp\/v2\/types\/product"}],"replies":[{"embeddable":true,"href":"https:\/\/www.preciosboom.com\/ca\/wp-json\/wp\/v2\/comments?post=13072"}],"wp:featuredmedia":[{"embeddable":true,"href":"https:\/\/www.preciosboom.com\/ca\/wp-json\/wp\/v2\/media\/13073"}],"wp:attachment":[{"href":"https:\/\/www.preciosboom.com\/ca\/wp-json\/wp\/v2\/media?parent=13072"}],"wp:term":[{"taxonomy":"product_brand","embeddable":true,"href":"https:\/\/www.preciosboom.com\/ca\/wp-json\/wp\/v2\/product_brand?post=13072"},{"taxonomy":"product_cat","embeddable":true,"href":"https:\/\/www.preciosboom.com\/ca\/wp-json\/wp\/v2\/product_cat?post=13072"},{"taxonomy":"product_tag","embeddable":true,"href":"https:\/\/www.preciosboom.com\/ca\/wp-json\/wp\/v2\/product_tag?post=13072"}],"curies":[{"name":"wp","href":"https:\/\/api.w.org\/{rel}","templated":true}]}}