{"id":12951,"date":"2021-12-10T10:11:22","date_gmt":"2021-12-10T09:11:22","guid":{"rendered":"https:\/\/preciosboom.com\/?post_type=product&#038;p=12951"},"modified":"2025-09-17T13:13:36","modified_gmt":"2025-09-17T12:13:36","slug":"pesa-rusa-kettlebell-6kg","status":"publish","type":"product","link":"https:\/\/www.preciosboom.com\/ca\/product\/pesa-rusa-kettlebell-6kg\/","title":{"rendered":"PESA RUSA KETTLEBELL 6KG"},"content":{"rendered":"<h1>PESA RUSA KETTLEBELL 6KG<\/h1>\n<ul>\n<li>Les nostres peses estan fabricades amb ferro fos d'alta qualitat per a una resist\u00e8ncia fiable i duradera.<\/li>\n<li>Perfectes per una gran varietat d'exercicis de resist\u00e8ncia. Al comptar amb un \u00e0mplia asa, aquesta ens ajudar\u00e0 a tenir una adher\u00e8ncia c\u00f2moda i segura.<\/li>\n<li>Base antilliscant<\/li>\n<li>Pesa de 6 kilos.<\/li>\n<li>1 unitat<\/li>\n<\/ul>\n<p>&nbsp;<\/p>","protected":false},"excerpt":{"rendered":"<h2>PESA RUSA KETTLEBELL 6KG<\/h2>\n<ul>\n<li>Les nostres peses estan fabricades amb ferro fos d'alta qualitat per a una resist\u00e8ncia fiable i duradera.<\/li>\n<li>Perfectes per una gran varietat d'exercicis de resist\u00e8ncia. Al comptar amb un \u00e0mplia asa, aquesta ens ajudar\u00e0 a tenir una adher\u00e8ncia c\u00f2moda i segura.<\/li>\n<li>Base antilliscant<\/li>\n<li>Pesa de 6 kilos.<\/li>\n<li>1 unitat<\/li>\n<\/ul>\n<p><a href=\"http:\/\/PESA RUSA KETTLEBELL 6KG\">http:\/\/PESA RUSA KETTLEBELL 6KG<\/a><\/p>\n<p><a href=\"https:\/\/preciosboom.com\/wp-content\/uploads\/2021\/12\/9266-6-OK-1.png\">https:\/\/preciosboom.com\/wp-content\/uploads\/2021\/12\/9266-6-OK-1.png<\/a><\/p>","protected":false},"featured_media":12952,"comment_status":"open","ping_status":"closed","template":"","meta":{"_joinchat":[]},"product_brand":[],"product_cat":[110],"product_tag":[],"class_list":{"0":"post-12951","1":"product","2":"type-product","3":"status-publish","4":"has-post-thumbnail","6":"product_cat-deporte","8":"first","9":"instock","10":"shipping-taxable","11":"purchasable","12":"product-type-simple"},"_links":{"self":[{"href":"https:\/\/www.preciosboom.com\/ca\/wp-json\/wp\/v2\/product\/12951"}],"collection":[{"href":"https:\/\/www.preciosboom.com\/ca\/wp-json\/wp\/v2\/product"}],"about":[{"href":"https:\/\/www.preciosboom.com\/ca\/wp-json\/wp\/v2\/types\/product"}],"replies":[{"embeddable":true,"href":"https:\/\/www.preciosboom.com\/ca\/wp-json\/wp\/v2\/comments?post=12951"}],"wp:featuredmedia":[{"embeddable":true,"href":"https:\/\/www.preciosboom.com\/ca\/wp-json\/wp\/v2\/media\/12952"}],"wp:attachment":[{"href":"https:\/\/www.preciosboom.com\/ca\/wp-json\/wp\/v2\/media?parent=12951"}],"wp:term":[{"taxonomy":"product_brand","embeddable":true,"href":"https:\/\/www.preciosboom.com\/ca\/wp-json\/wp\/v2\/product_brand?post=12951"},{"taxonomy":"product_cat","embeddable":true,"href":"https:\/\/www.preciosboom.com\/ca\/wp-json\/wp\/v2\/product_cat?post=12951"},{"taxonomy":"product_tag","embeddable":true,"href":"https:\/\/www.preciosboom.com\/ca\/wp-json\/wp\/v2\/product_tag?post=12951"}],"curies":[{"name":"wp","href":"https:\/\/api.w.org\/{rel}","templated":true}]}}