{"id":12822,"date":"2021-10-14T08:22:39","date_gmt":"2021-10-14T08:22:39","guid":{"rendered":"https:\/\/preciosboom.com\/?post_type=product&#038;p=12822"},"modified":"2025-05-23T14:05:50","modified_gmt":"2025-05-23T13:05:50","slug":"pelota-yoga-pilates-25-cm","status":"publish","type":"product","link":"https:\/\/www.preciosboom.com\/ca\/product\/pelota-yoga-pilates-25-cm\/","title":{"rendered":"Pelota Yoga Pilates peque\u00f1a 25 cm , Fitball 25 cm, \u00fatil para hacer gimnasia y ejercicios de fitness en casa"},"content":{"rendered":"<p>Pelota Yoga Pilates 25 peque\u00f1a cm , Fitball 25 cm, \u00fatil para hacer gimnasia y ejercicios de fitness en casa<\/p>\n<ul>\n<li>Pilota de pilates amb un tacte suau i durador.<\/li>\n<li>T\u00e9 un di\u00e0metre de 25 cm.<\/li>\n<li>Perfecta per a pilates, ioga... ajuda a augmentar la resist\u00e8ncia aer\u00f2bica, corregir la postura, tonificaci\u00f3, etc.<\/li>\n<li>Color: blau.<\/li>\n<li><span class=\"a-list-item\">Gimnasia suave y relajaci\u00f3n\u00a0 .<\/span><\/li>\n<li><span class=\"a-list-item\">Inflado en segundos con la ayuda de su paja (incluida).<\/span><\/li>\n<li>Viene no inflado<\/li>\n<li><span class=\"a-list-item\">Peso: 100\u00a0Gr <\/span><\/li>\n<\/ul>","protected":false},"excerpt":{"rendered":"<h2>Pelota Yoga Pilates peque\u00f1a 25 cm , Fitball 25 cm, \u00fatil para hacer gimnasia y ejercicios de fitness en casa<\/h2>\n<ul>\n<li>Pilota de pilates amb un tacte suau i durador.<\/li>\n<li>T\u00e9 un di\u00e0metre de 25 cm.<\/li>\n<li>Perfecta per a pilates, ioga... ajuda a augmentar la resist\u00e8ncia aer\u00f2bica, corregir la postura, tonificaci\u00f3, etc.<\/li>\n<li>Color: blau.<\/li>\n<li><span class=\"a-list-item\">Gimnasia suave y relajaci\u00f3n\u00a0 .<\/span><\/li>\n<li><span class=\"a-list-item\">Inflado en segundos con la ayuda de su paja (incluida).<\/span><\/li>\n<li>Viene no inflado<\/li>\n<li><span class=\"a-list-item\">Peso: 100\u00a0Gr<\/span><\/li>\n<\/ul>\n<p><a href=\"http:\/\/Pelota Yoga Pilates 25 cm\">http:\/\/Pelota Yoga Pilates 25 cm<\/a><\/p>\n<p><a href=\"https:\/\/preciosboom.com\/wp-content\/uploads\/2021\/10\/9265.jpg\">https:\/\/preciosboom.com\/wp-content\/uploads\/2021\/10\/9265.jpg<\/a><\/p>","protected":false},"featured_media":15277,"comment_status":"open","ping_status":"closed","template":"","meta":{"_joinchat":[]},"product_brand":[],"product_cat":[110,246],"product_tag":[],"class_list":{"0":"post-12822","1":"product","2":"type-product","3":"status-publish","4":"has-post-thumbnail","6":"product_cat-deporte","7":"product_cat-pilates","9":"first","10":"instock","11":"shipping-taxable","12":"purchasable","13":"product-type-simple"},"_links":{"self":[{"href":"https:\/\/www.preciosboom.com\/ca\/wp-json\/wp\/v2\/product\/12822"}],"collection":[{"href":"https:\/\/www.preciosboom.com\/ca\/wp-json\/wp\/v2\/product"}],"about":[{"href":"https:\/\/www.preciosboom.com\/ca\/wp-json\/wp\/v2\/types\/product"}],"replies":[{"embeddable":true,"href":"https:\/\/www.preciosboom.com\/ca\/wp-json\/wp\/v2\/comments?post=12822"}],"wp:featuredmedia":[{"embeddable":true,"href":"https:\/\/www.preciosboom.com\/ca\/wp-json\/wp\/v2\/media\/15277"}],"wp:attachment":[{"href":"https:\/\/www.preciosboom.com\/ca\/wp-json\/wp\/v2\/media?parent=12822"}],"wp:term":[{"taxonomy":"product_brand","embeddable":true,"href":"https:\/\/www.preciosboom.com\/ca\/wp-json\/wp\/v2\/product_brand?post=12822"},{"taxonomy":"product_cat","embeddable":true,"href":"https:\/\/www.preciosboom.com\/ca\/wp-json\/wp\/v2\/product_cat?post=12822"},{"taxonomy":"product_tag","embeddable":true,"href":"https:\/\/www.preciosboom.com\/ca\/wp-json\/wp\/v2\/product_tag?post=12822"}],"curies":[{"name":"wp","href":"https:\/\/api.w.org\/{rel}","templated":true}]}}