{"id":12316,"date":"2020-10-19T13:09:46","date_gmt":"2020-10-19T13:09:46","guid":{"rendered":"https:\/\/preciosboom.com\/?post_type=product&#038;p=12316"},"modified":"2025-06-18T10:00:24","modified_gmt":"2025-06-18T09:00:24","slug":"adaptador-wifi","status":"publish","type":"product","link":"https:\/\/www.preciosboom.com\/ca\/product\/adaptador-wifi\/","title":{"rendered":"Amplificador WiFi. Amplificador WiFi USB 1200Mbps con antena"},"content":{"rendered":"<h1>Amplificador WiFi. Amplificador WiFi USB 1200Mbps con antena<\/h1>\n<h1 id=\"title\" class=\"a-size-large a-spacing-none\"><span id=\"productTitle\" class=\"a-size-large product-title-word-break\">Adaptador WiFi. Adaptador WiFi USB 1200Mbps, Velocidad de Red inal\u00e1mbrica de Banda Dual de 5 GHz a 867 Mbps, 2.4 GHz a 300 Mbps, USB 3.0<\/span><\/h1>\n<p>Adaptador WiF: Si estas cansado de tener poca cobertura o tu velocidad de navegaci\u00f3n es muy lenta , aqu\u00ed tienes la soluci\u00f3n que estabas esperando :<\/p>\n<p><span class=\"a-list-item\">ADAPTADOR WIFI USB ULTIMADELAMENTE R\u00c1PIDO CON 1200MBPS DE VELOCIDAD INAL\u00c1MBRICA: <\/span><\/p>\n<ul>\n<li><span class=\"a-list-item\">867Mbps en banda WiFi de 5GHz o 300Mbps en banda Wi-Fi de 2.4GHz,<\/span><\/li>\n<li>Excelente para juegos en l\u00ednea, video HD y m\u00fasica de alta calidad<\/li>\n<\/ul>\n<p><span class=\"a-list-item\">ADAPTADOR DE RED INAL\u00c0MBRICA AMB L'\u00daLTIMA TECNOLOGIA WIFI DE 802.11 AC DUAL BAND: estengui el seu rang de WiFi per a obtenir una millor connexi\u00f3 de red WiFi <\/span><\/p>\n<p><span class=\"a-list-item\">FUNCIONA CON CUALQUIER ROUTER Wi-Fi:<\/span><\/p>\n<ul>\n<li><span class=\"a-list-item\">Compatibilidad universal con enrutadores WIFI 802.11 AC \/ N \/ G \/ B \/ A * mediante el uso de este antena WiFI USB <\/span><\/li>\n<\/ul>\n<p><span class=\"a-list-item\">COMPATIBILIDAD UNIVERSAL CON WINDOWS PC O MAC: la mejor USB WiFi para PC, computadora de escritorio: <\/span><\/p>\n<ul>\n<li><span class=\"a-list-item\">laptop de Windows 10, <\/span><\/li>\n<li><span class=\"a-list-item\">Windows 8.1,<\/span><\/li>\n<li><span class=\"a-list-item\"> Windows 8, <\/span><\/li>\n<li><span class=\"a-list-item\">Windows 7, <\/span><\/li>\n<li><span class=\"a-list-item\">Windows XP; <\/span><\/li>\n<li><span class=\"a-list-item\">Tambi\u00e9n funciona con MAC OS X 10.9 ~ 10.14 <\/span><\/li>\n<\/ul>\n<p><span class=\"a-list-item\">EL PORT USB 3.0 FUNCIONA 10 VEGADES M\u00c9S R\u00c0PID QUE L'USB 2.0: funciona amb el port USB 3.0 o USB 2.0 de la seva computadora d'escriptori, computadora port\u00e0til, PC o MAC mitjan\u00e7ant l'\u00fas d'aquest adaptador WiFi 5ghz<\/span><\/p>","protected":false},"excerpt":{"rendered":"<h2>Amplificador WiFi. Amplificador WiFi USB 1200Mbps con antena<\/h2>\n<h2 id=\"title\" class=\"a-size-large a-spacing-none\"><span id=\"productTitle\" class=\"a-size-large product-title-word-break\">Adaptador WiFi. Adaptador WiFi USB 1200Mbps, Velocidad de Red inal\u00e1mbrica de Banda Dual de 5 GHz a 867 Mbps, 2.4 GHz a 300 Mbps, USB 3.0<\/span><\/h2>\n<p>Adaptador WiFi.: Si estas cansado de tener poca cobertura o tu velocidad de navegaci\u00f3n es muy lenta , aqu\u00ed tienes la soluci\u00f3n que estabas esperando :<\/p>\n<p><span class=\"a-list-item\">ADAPTADOR WIFI USB ULTIMADELAMENTE R\u00c1PIDO CON 1200MBPS DE VELOCIDAD INAL\u00c1MBRICA: <\/span><\/p>\n<ul>\n<li><span class=\"a-list-item\">867Mbps en banda WiFi de 5GHz o 300Mbps en banda Wi-Fi de 2.4GHz,<\/span><\/li>\n<li>Excelente para juegos en l\u00ednea, video HD y m\u00fasica de alta calidad<\/li>\n<\/ul>\n<p><span class=\"a-list-item\">ADAPTADOR DE RED INAL\u00c0MBRICA AMB L'\u00daLTIMA TECNOLOGIA WIFI DE 802.11 AC DUAL BAND: estengui el seu rang de WiFi per a obtenir una millor connexi\u00f3 de red WiFi <\/span><\/p>\n<p><span class=\"a-list-item\">FUNCIONA CON CUALQUIER ROUTER Wi-Fi:<\/span><\/p>\n<ul>\n<li><span class=\"a-list-item\">Compatibilidad universal con enrutadores WIFI 802.11 AC \/ N \/ G \/ B \/ A * mediante el uso de este antena WiFI USB <\/span><\/li>\n<\/ul>","protected":false},"featured_media":12326,"comment_status":"open","ping_status":"closed","template":"","meta":{"_joinchat":[]},"product_brand":[],"product_cat":[108],"product_tag":[],"class_list":{"0":"post-12316","1":"product","2":"type-product","3":"status-publish","4":"has-post-thumbnail","6":"product_cat-electronica_informatica","8":"first","9":"instock","10":"shipping-taxable","11":"purchasable","12":"product-type-simple"},"_links":{"self":[{"href":"https:\/\/www.preciosboom.com\/ca\/wp-json\/wp\/v2\/product\/12316"}],"collection":[{"href":"https:\/\/www.preciosboom.com\/ca\/wp-json\/wp\/v2\/product"}],"about":[{"href":"https:\/\/www.preciosboom.com\/ca\/wp-json\/wp\/v2\/types\/product"}],"replies":[{"embeddable":true,"href":"https:\/\/www.preciosboom.com\/ca\/wp-json\/wp\/v2\/comments?post=12316"}],"wp:featuredmedia":[{"embeddable":true,"href":"https:\/\/www.preciosboom.com\/ca\/wp-json\/wp\/v2\/media\/12326"}],"wp:attachment":[{"href":"https:\/\/www.preciosboom.com\/ca\/wp-json\/wp\/v2\/media?parent=12316"}],"wp:term":[{"taxonomy":"product_brand","embeddable":true,"href":"https:\/\/www.preciosboom.com\/ca\/wp-json\/wp\/v2\/product_brand?post=12316"},{"taxonomy":"product_cat","embeddable":true,"href":"https:\/\/www.preciosboom.com\/ca\/wp-json\/wp\/v2\/product_cat?post=12316"},{"taxonomy":"product_tag","embeddable":true,"href":"https:\/\/www.preciosboom.com\/ca\/wp-json\/wp\/v2\/product_tag?post=12316"}],"curies":[{"name":"wp","href":"https:\/\/api.w.org\/{rel}","templated":true}]}}