{"id":11966,"date":"2020-08-26T08:59:01","date_gmt":"2020-08-26T08:59:01","guid":{"rendered":"https:\/\/preciosboom.com\/?post_type=product&#038;p=11966"},"modified":"2025-04-28T11:14:53","modified_gmt":"2025-04-28T10:14:53","slug":"posavasos-sandia","status":"publish","type":"product","link":"https:\/\/www.preciosboom.com\/ca\/product\/posavasos-sandia\/","title":{"rendered":"Portavasos sand\u00eda. Posavasos Hinchable Sand\u00eda con Purpurina 1 unidad"},"content":{"rendered":"<h1>Portavasos sand\u00eda. Posavasos Hinchable Sand\u00eda con Purpurina 1 unidad<\/h1>\n<p>Posatassons inflable s\u00edndria amb purpurina<\/p>\n<p>Soporte de pl\u00e1stico ideal para bebidas.<\/p>","protected":false},"excerpt":{"rendered":"<h2>Posavasos sand\u00eda. Posavasos Hinchable Sand\u00eda con Purpurina 1 unidad<\/h2>\n<p>Posatassons inflable s\u00edndria amb purpurina<\/p>\n<p>Soporte de pl\u00e1stico ideal para bebidas.<\/p>\n<p><a href=\"http:\/\/Posavasos sand\u00eda\">http:\/\/Posavasos sand\u00eda<\/a><\/p>\n<p><a href=\"https:\/\/preciosboom.com\/wp-content\/uploads\/2020\/08\/9492.jpg\">https:\/\/preciosboom.com\/wp-content\/uploads\/2020\/08\/9492.jpg<\/a><\/p>","protected":false},"featured_media":11967,"comment_status":"open","ping_status":"closed","template":"","meta":{"_joinchat":[]},"product_brand":[],"product_cat":[212,113],"product_tag":[],"class_list":{"0":"post-11966","1":"product","2":"type-product","3":"status-publish","4":"has-post-thumbnail","6":"product_cat-hinchable","7":"product_cat-verano_playa","9":"first","10":"instock","11":"shipping-taxable","12":"purchasable","13":"product-type-simple"},"_links":{"self":[{"href":"https:\/\/www.preciosboom.com\/ca\/wp-json\/wp\/v2\/product\/11966"}],"collection":[{"href":"https:\/\/www.preciosboom.com\/ca\/wp-json\/wp\/v2\/product"}],"about":[{"href":"https:\/\/www.preciosboom.com\/ca\/wp-json\/wp\/v2\/types\/product"}],"replies":[{"embeddable":true,"href":"https:\/\/www.preciosboom.com\/ca\/wp-json\/wp\/v2\/comments?post=11966"}],"wp:featuredmedia":[{"embeddable":true,"href":"https:\/\/www.preciosboom.com\/ca\/wp-json\/wp\/v2\/media\/11967"}],"wp:attachment":[{"href":"https:\/\/www.preciosboom.com\/ca\/wp-json\/wp\/v2\/media?parent=11966"}],"wp:term":[{"taxonomy":"product_brand","embeddable":true,"href":"https:\/\/www.preciosboom.com\/ca\/wp-json\/wp\/v2\/product_brand?post=11966"},{"taxonomy":"product_cat","embeddable":true,"href":"https:\/\/www.preciosboom.com\/ca\/wp-json\/wp\/v2\/product_cat?post=11966"},{"taxonomy":"product_tag","embeddable":true,"href":"https:\/\/www.preciosboom.com\/ca\/wp-json\/wp\/v2\/product_tag?post=11966"}],"curies":[{"name":"wp","href":"https:\/\/api.w.org\/{rel}","templated":true}]}}