{"id":11857,"date":"2020-08-18T08:26:42","date_gmt":"2020-08-18T08:26:42","guid":{"rendered":"https:\/\/preciosboom.com\/?post_type=product&#038;p=11857"},"modified":"2025-04-28T09:33:27","modified_gmt":"2025-04-28T08:33:27","slug":"rotuladores-con-punta-biselada","status":"publish","type":"product","link":"https:\/\/www.preciosboom.com\/ca\/product\/rotuladores-con-punta-biselada\/","title":{"rendered":"Rotuladores fluorescente con punta biselada \/ subrayador. 1 unidad"},"content":{"rendered":"<h1 id=\"title\" class=\"a-size-large a-spacing-none\"><span id=\"productTitle\" class=\"a-size-large product-title-word-break\">Rotuladors , Subratlladors Fluorescents, Punta Bisellada i Molt Duraders<\/span><\/h1>\n<p>12 rotuladors amb punta bisellada per subratllar. Gr\u00e0cies a la seva punta moldeada bisselada pot subratllar amb ample i fi (4,5mm o 1.00mm.). Assortit de tintes fluorescents en colors groc, taronja, rosa, lila, verd i blau.<\/p>\n<p>T\u00e9 un disseny en forma de bol\u00edgraf amb cos estret per poder oferir una adher\u00e8ncia c\u00f2moda. Porta una tapa que es pot col\u00b7locar en un extrem; i clip incorporat per poder fixar-lo i dur-lo en una butxaca o en un llibre.<\/p>\n<p><span class=\"a-list-item\">Subratlladors en colors fluorescents en tons brillants i moderns per donar un toc sutil i elegant als teus treballs.<\/span><\/p>\n<p><span class=\"a-list-item\">ANTI-TAQUES: Tinta a base d'aigua, duradera, resistent a la llum solar i dif\u00edcil d'esvair; completament inofensiu per la salut<\/span>.<\/p>\n<p><span class=\"a-list-item\">PUNTA VERS\u00c0TIL: Marcadors de punta bisellada especial en dos amples de l\u00ednia: gruix per a ressaltat.<\/span>.<\/p>\n<p>La unitat li surt a 0,20 \u20ac<\/p>\n<p>I el paquet de 12 pcs a 2,40 \u20ac.<\/p>","protected":false},"excerpt":{"rendered":"<h2 id=\"title\" class=\"a-size-large a-spacing-none\"><span id=\"productTitle\" class=\"a-size-large product-title-word-break\">Rotuladors , Subratlladors Fluorescents, Punta Bisellada i Molt Duraders<\/span><\/h2>\n<p>12 rotuladors amb punta bisellada per subratllar. Gr\u00e0cies a la seva punta moldeada bisselada pot subratllar amb ample i fi (4,5mm o 1.00mm.). Assortit de tintes fluorescents en colors groc, taronja, rosa, lila, verd i blau.<\/p>\n<p>T\u00e9 un disseny en forma de bol\u00edgraf amb cos estret per poder oferir una adher\u00e8ncia c\u00f2moda. Porta una tapa que es pot col\u00b7locar en un extrem; i clip incorporat per poder fixar-lo i dur-lo en una butxaca o en un llibre.<\/p>\n<p><span class=\"a-list-item\">Subratlladors en colors fluorescents en tons brillants i moderns per donar un toc sutil i elegant als teus treballs.<\/span><\/p>\n<p><span class=\"a-list-item\">ANTI-TAQUES: Tinta a base d'aigua, duradera, resistent a la llum solar i dif\u00edcil d'esvair; completament inofensiu per la salut<\/span>.<\/p>\n<p><span class=\"a-list-item\">PUNTA VERS\u00c0TIL: Marcadors de punta bisellada especial en dos amples de l\u00ednia: gruix per a ressaltat.<\/span>.<\/p>\n<p>La unitat li surt a 0,20 \u20ac<\/p>\n<p>I el paquet de 12 pcs a 2,40 \u20ac.<\/p>\n<p><a href=\"http:\/\/Rotuladores\">http:\/\/Rotuladores<\/a><\/p>\n<p><a href=\"https:\/\/preciosboom.com\/wp-content\/uploads\/2020\/08\/2258-4.jpg\">https:\/\/preciosboom.com\/wp-content\/uploads\/2020\/08\/2258-4.jpg<\/a><\/p>","protected":false},"featured_media":11858,"comment_status":"open","ping_status":"closed","template":"","meta":{"_joinchat":[]},"product_brand":[],"product_cat":[112],"product_tag":[],"class_list":{"0":"post-11857","1":"product","2":"type-product","3":"status-publish","4":"has-post-thumbnail","6":"product_cat-papeleria","8":"first","9":"instock","10":"shipping-taxable","11":"purchasable","12":"product-type-simple"},"_links":{"self":[{"href":"https:\/\/www.preciosboom.com\/ca\/wp-json\/wp\/v2\/product\/11857"}],"collection":[{"href":"https:\/\/www.preciosboom.com\/ca\/wp-json\/wp\/v2\/product"}],"about":[{"href":"https:\/\/www.preciosboom.com\/ca\/wp-json\/wp\/v2\/types\/product"}],"replies":[{"embeddable":true,"href":"https:\/\/www.preciosboom.com\/ca\/wp-json\/wp\/v2\/comments?post=11857"}],"wp:featuredmedia":[{"embeddable":true,"href":"https:\/\/www.preciosboom.com\/ca\/wp-json\/wp\/v2\/media\/11858"}],"wp:attachment":[{"href":"https:\/\/www.preciosboom.com\/ca\/wp-json\/wp\/v2\/media?parent=11857"}],"wp:term":[{"taxonomy":"product_brand","embeddable":true,"href":"https:\/\/www.preciosboom.com\/ca\/wp-json\/wp\/v2\/product_brand?post=11857"},{"taxonomy":"product_cat","embeddable":true,"href":"https:\/\/www.preciosboom.com\/ca\/wp-json\/wp\/v2\/product_cat?post=11857"},{"taxonomy":"product_tag","embeddable":true,"href":"https:\/\/www.preciosboom.com\/ca\/wp-json\/wp\/v2\/product_tag?post=11857"}],"curies":[{"name":"wp","href":"https:\/\/api.w.org\/{rel}","templated":true}]}}