{"id":11047,"date":"2020-07-31T08:09:18","date_gmt":"2020-07-31T08:09:18","guid":{"rendered":"http:\/\/preciosboom.com\/?post_type=product&#038;p=11047"},"modified":"2025-06-18T10:25:00","modified_gmt":"2025-06-18T09:25:00","slug":"mochila-flamencos-pinas","status":"publish","type":"product","link":"https:\/\/www.preciosboom.com\/ca\/product\/mochila-flamencos-pinas\/","title":{"rendered":"Motxilla Gran Flamencs Pinyes"},"content":{"rendered":"<h1 id=\"title\" class=\"a-size-large a-spacing-none\"><span id=\"productTitle\" class=\"a-size-large product-title-word-break\">Motxilla Moda Bossa d'Home Motxilla Bossa de Viatge per a Dones Nines <\/span><\/h1>\n<p><span class=\"a-list-item\">Tamany ideal de la motxilla: 40\u00d730 cms. La motxilla de cuir \u00e9s lo suficientment espaciosa per emmagatzemar els teus articles essencials diaris com iPad, tel\u00e8fon, targetes, cartera, paraig\u00fces, roba, ulleres de sol, etc. <\/span><\/p>\n<p><span class=\"a-list-item\">Material: material actualitzat a pell sint\u00e8tica de bona qualitat. \u00c9s una bossa d'espatlla de cuir de disseny bonic i simplista, es veu moderna i podria durar per un \u00fas prolongat. <\/span><\/p>\n<p><span class=\"a-list-item\">Caracter\u00edstiques: m\u00e0nec en la part superior, corretges posteriors ajustables que te fan c\u00f2mode. <\/span><\/p>\n<p><span class=\"a-list-item\">Vers\u00e0til: aquesta motxilla de cuir \u00e9s pot utilitzar com a bossa d'espatlla, motxilla casual. La corretja d'espatlla de la motxilla per a nines \u00e9s ajustable per la majoria de les persones. Perfecte l'\u00fas diari, c\u00e0mping, senderisme, viatges, estiu, etc.<\/span><\/p>\n<p>T\u00e9 dues butxaques exteriors i butxaca interior amb cremallera per organitzar millor les coses, folrada per dins.<\/p>","protected":false},"excerpt":{"rendered":"<p>Mochila Moda Bolso de Hombro Mochila Bolsa de Viaje para Mujeres Ni\u00f1as Tama\u00f1o ideal<\/p>","protected":false},"featured_media":11613,"comment_status":"open","ping_status":"closed","template":"","meta":{"_joinchat":[]},"product_brand":[],"product_cat":[214],"product_tag":[],"class_list":{"0":"post-11047","1":"product","2":"type-product","3":"status-publish","4":"has-post-thumbnail","6":"product_cat-bolsos-multiusos","8":"first","9":"instock","10":"shipping-taxable","11":"purchasable","12":"product-type-simple"},"_links":{"self":[{"href":"https:\/\/www.preciosboom.com\/ca\/wp-json\/wp\/v2\/product\/11047"}],"collection":[{"href":"https:\/\/www.preciosboom.com\/ca\/wp-json\/wp\/v2\/product"}],"about":[{"href":"https:\/\/www.preciosboom.com\/ca\/wp-json\/wp\/v2\/types\/product"}],"replies":[{"embeddable":true,"href":"https:\/\/www.preciosboom.com\/ca\/wp-json\/wp\/v2\/comments?post=11047"}],"wp:featuredmedia":[{"embeddable":true,"href":"https:\/\/www.preciosboom.com\/ca\/wp-json\/wp\/v2\/media\/11613"}],"wp:attachment":[{"href":"https:\/\/www.preciosboom.com\/ca\/wp-json\/wp\/v2\/media?parent=11047"}],"wp:term":[{"taxonomy":"product_brand","embeddable":true,"href":"https:\/\/www.preciosboom.com\/ca\/wp-json\/wp\/v2\/product_brand?post=11047"},{"taxonomy":"product_cat","embeddable":true,"href":"https:\/\/www.preciosboom.com\/ca\/wp-json\/wp\/v2\/product_cat?post=11047"},{"taxonomy":"product_tag","embeddable":true,"href":"https:\/\/www.preciosboom.com\/ca\/wp-json\/wp\/v2\/product_tag?post=11047"}],"curies":[{"name":"wp","href":"https:\/\/api.w.org\/{rel}","templated":true}]}}