{"id":11002,"date":"2020-07-31T07:24:48","date_gmt":"2020-07-31T06:24:48","guid":{"rendered":"http:\/\/preciosboom.com\/?post_type=product&#038;p=11002"},"modified":"2025-06-18T10:05:01","modified_gmt":"2025-06-18T09:05:01","slug":"bolsa-colores-cuerda","status":"publish","type":"product","link":"https:\/\/www.preciosboom.com\/ca\/product\/bolsa-colores-cuerda\/","title":{"rendered":"Bossa Colors Corda"},"content":{"rendered":"<h1 id=\"title\" class=\"a-size-large a-spacing-none\"><span id=\"productTitle\" class=\"a-size-large product-title-word-break\">Bossa de Platja per a Dona, Bossa Gran amb Asa de Corda per a Platja, dia de Festa, Compres, Viatges. <\/span><\/h1>\n<p><span class=\"a-list-item\">PR\u00c0CTICA I MULTIFUNCIONAL. La butxaca interior i el tancament superior de la cremallera tenen com a objectius mantenir els seus articles fora de perill. S'usaria perfectament per anar de compres, festa en la piscina, p\u00edcnic i m\u00e9s! No hi ha dubte de que podria ser com una bossa de platja, bossa de viatge, bossa de deport, bossa de vacances, bossa de nit, bossa de piscina, bossa de gimn\u00e0s. <\/span><\/p>\n<p><span class=\"a-list-item\">M\u00c0NEC DE CORDA SUAU El m\u00e0nec de corda suau en la part superior el fa sentir c\u00f2mode quan l'usa. <\/span><\/p>\n<p><span class=\"a-list-item\">La nostra bossa de platja \u00e9s d'un tamany ideal , es lo suficientment gran com per dur tot el que necessita per la platja o la piscina. \u00c9s el company perfecte quan surts. <\/span><\/p>\n<p>Mesures aproximades 60x37x16 cms.<\/p>","protected":false},"excerpt":{"rendered":"<p>Bolsa de Playa para Mujer, Bolso Grande con Asa de Cuerda para Playa, d\u00eda<\/p>","protected":false},"featured_media":11566,"comment_status":"open","ping_status":"closed","template":"","meta":{"_joinchat":[]},"product_brand":[],"product_cat":[214],"product_tag":[],"class_list":{"0":"post-11002","1":"product","2":"type-product","3":"status-publish","4":"has-post-thumbnail","6":"product_cat-bolsos-multiusos","8":"first","9":"instock","10":"shipping-taxable","11":"purchasable","12":"product-type-simple"},"_links":{"self":[{"href":"https:\/\/www.preciosboom.com\/ca\/wp-json\/wp\/v2\/product\/11002"}],"collection":[{"href":"https:\/\/www.preciosboom.com\/ca\/wp-json\/wp\/v2\/product"}],"about":[{"href":"https:\/\/www.preciosboom.com\/ca\/wp-json\/wp\/v2\/types\/product"}],"replies":[{"embeddable":true,"href":"https:\/\/www.preciosboom.com\/ca\/wp-json\/wp\/v2\/comments?post=11002"}],"wp:featuredmedia":[{"embeddable":true,"href":"https:\/\/www.preciosboom.com\/ca\/wp-json\/wp\/v2\/media\/11566"}],"wp:attachment":[{"href":"https:\/\/www.preciosboom.com\/ca\/wp-json\/wp\/v2\/media?parent=11002"}],"wp:term":[{"taxonomy":"product_brand","embeddable":true,"href":"https:\/\/www.preciosboom.com\/ca\/wp-json\/wp\/v2\/product_brand?post=11002"},{"taxonomy":"product_cat","embeddable":true,"href":"https:\/\/www.preciosboom.com\/ca\/wp-json\/wp\/v2\/product_cat?post=11002"},{"taxonomy":"product_tag","embeddable":true,"href":"https:\/\/www.preciosboom.com\/ca\/wp-json\/wp\/v2\/product_tag?post=11002"}],"curies":[{"name":"wp","href":"https:\/\/api.w.org\/{rel}","templated":true}]}}