{"id":10898,"date":"2020-07-30T11:41:42","date_gmt":"2020-07-30T11:41:42","guid":{"rendered":"http:\/\/preciosboom.com\/?post_type=product&#038;p=10898"},"modified":"2025-06-18T10:07:52","modified_gmt":"2025-06-18T09:07:52","slug":"bolso-mimbre-27-cms-varios-colores","status":"publish","type":"product","link":"https:\/\/www.preciosboom.com\/ca\/product\/bolso-mimbre-27-cms-varios-colores\/","title":{"rendered":"Bolso Mimbre Redondo Paja 27 cms varios colores"},"content":{"rendered":"<h1 id=\"title\" class=\"a-size-large a-spacing-none\"><span id=\"productTitle\" class=\"a-size-large product-title-word-break\">Bolso Mimbre para Mujeres Redondo &#8211; Bandolera Verano Crossbody Totes de Playa Rat\u00e1n Tejidas a mano<\/span><\/h1>\n<p>Duradero y seguro: el bolso de c\u00edrculo tejido no es f\u00e1cil de deformar. La correa ajustable es de cuero y el cierre est\u00e1 cerrado, es muy fuerte ,<\/p>\n<p>Tamany gran t\u00e9 suficient espai per les teves coses di\u00e0ries com tel\u00e8fon, billetera, clau, cosm\u00e8tics, ulleres, mirall, etc.<\/p>\n<p>Molt elegant per l'estiu , platja o piscina , hi cap una tovallola i complements .<\/p>\n<p>Ideal com una bossa bandolera, bossa de platja, bossa, bossa creuada, bossa petita, bossa de missatger, etc. Perfecte per viatges, escapades de fi de setmana i altres activitats a l'aire lliure en la vida di\u00e0ria.<\/p>\n<p>Bolso Mimbre en colores disponibles marr\u00f3n, crudo y azul .<\/p>","protected":false},"excerpt":{"rendered":"<p>Bolso Mimbre para Mujeres Redondo &#8211; Bandolera Verano Crossbody Totes de Playa Rat\u00e1n Tejidas<\/p>","protected":false},"featured_media":11523,"comment_status":"open","ping_status":"closed","template":"","meta":{"_joinchat":[]},"product_brand":[],"product_cat":[214,109],"product_tag":[],"class_list":{"0":"post-10898","1":"product","2":"type-product","3":"status-publish","4":"has-post-thumbnail","6":"product_cat-bolsos-multiusos","7":"product_cat-ropa_chanclas","9":"first","10":"instock","11":"shipping-taxable","12":"purchasable","13":"product-type-variable"},"_links":{"self":[{"href":"https:\/\/www.preciosboom.com\/ca\/wp-json\/wp\/v2\/product\/10898"}],"collection":[{"href":"https:\/\/www.preciosboom.com\/ca\/wp-json\/wp\/v2\/product"}],"about":[{"href":"https:\/\/www.preciosboom.com\/ca\/wp-json\/wp\/v2\/types\/product"}],"replies":[{"embeddable":true,"href":"https:\/\/www.preciosboom.com\/ca\/wp-json\/wp\/v2\/comments?post=10898"}],"wp:featuredmedia":[{"embeddable":true,"href":"https:\/\/www.preciosboom.com\/ca\/wp-json\/wp\/v2\/media\/11523"}],"wp:attachment":[{"href":"https:\/\/www.preciosboom.com\/ca\/wp-json\/wp\/v2\/media?parent=10898"}],"wp:term":[{"taxonomy":"product_brand","embeddable":true,"href":"https:\/\/www.preciosboom.com\/ca\/wp-json\/wp\/v2\/product_brand?post=10898"},{"taxonomy":"product_cat","embeddable":true,"href":"https:\/\/www.preciosboom.com\/ca\/wp-json\/wp\/v2\/product_cat?post=10898"},{"taxonomy":"product_tag","embeddable":true,"href":"https:\/\/www.preciosboom.com\/ca\/wp-json\/wp\/v2\/product_tag?post=10898"}],"curies":[{"name":"wp","href":"https:\/\/api.w.org\/{rel}","templated":true}]}}