{"id":10666,"date":"2020-07-30T07:40:10","date_gmt":"2020-07-30T07:40:10","guid":{"rendered":"http:\/\/preciosboom.com\/?post_type=product&#038;p=10666"},"modified":"2025-06-08T17:17:40","modified_gmt":"2025-06-08T16:17:40","slug":"colchoneta-hinchable-capitan-america-escudo-118-cms","status":"publish","type":"product","link":"https:\/\/www.preciosboom.com\/ca\/product\/colchoneta-hinchable-capitan-america-escudo-118-cms\/","title":{"rendered":"Colchoneta Escudo Capit\u00e1n Am\u00e9rica colch\u00f3n grande hinchable 118 cms"},"content":{"rendered":"<p>Colchoneta Escudo Capit\u00e1n Am\u00e9rica colch\u00f3n grande hinchable 118 cms<\/p>","protected":false},"excerpt":{"rendered":"<p>Colchoneta Escudo Capit\u00e1n Am\u00e9rica colch\u00f3n grande hinchable 118 cms<\/p>","protected":false},"featured_media":11293,"comment_status":"open","ping_status":"closed","template":"","meta":{"_joinchat":[]},"product_brand":[],"product_cat":[227,212,113],"product_tag":[],"class_list":{"0":"post-10666","1":"product","2":"type-product","3":"status-publish","4":"has-post-thumbnail","6":"product_cat-colchoneta_hinchable","7":"product_cat-hinchable","8":"product_cat-verano_playa","10":"first","11":"instock","12":"shipping-taxable","13":"purchasable","14":"product-type-simple"},"_links":{"self":[{"href":"https:\/\/www.preciosboom.com\/ca\/wp-json\/wp\/v2\/product\/10666"}],"collection":[{"href":"https:\/\/www.preciosboom.com\/ca\/wp-json\/wp\/v2\/product"}],"about":[{"href":"https:\/\/www.preciosboom.com\/ca\/wp-json\/wp\/v2\/types\/product"}],"replies":[{"embeddable":true,"href":"https:\/\/www.preciosboom.com\/ca\/wp-json\/wp\/v2\/comments?post=10666"}],"wp:featuredmedia":[{"embeddable":true,"href":"https:\/\/www.preciosboom.com\/ca\/wp-json\/wp\/v2\/media\/11293"}],"wp:attachment":[{"href":"https:\/\/www.preciosboom.com\/ca\/wp-json\/wp\/v2\/media?parent=10666"}],"wp:term":[{"taxonomy":"product_brand","embeddable":true,"href":"https:\/\/www.preciosboom.com\/ca\/wp-json\/wp\/v2\/product_brand?post=10666"},{"taxonomy":"product_cat","embeddable":true,"href":"https:\/\/www.preciosboom.com\/ca\/wp-json\/wp\/v2\/product_cat?post=10666"},{"taxonomy":"product_tag","embeddable":true,"href":"https:\/\/www.preciosboom.com\/ca\/wp-json\/wp\/v2\/product_tag?post=10666"}],"curies":[{"name":"wp","href":"https:\/\/api.w.org\/{rel}","templated":true}]}}